{"id":75038,"date":"2024-05-16T14:11:55","date_gmt":"2024-05-16T12:11:55","guid":{"rendered":"https:\/\/www.skaylink.com\/?page_id=75038"},"modified":"2025-09-30T16:56:48","modified_gmt":"2025-09-30T14:56:48","slug":"cadd","status":"publish","type":"page","link":"https:\/\/www.skaylink.com\/de\/cadd\/","title":{"rendered":"CADD"},"content":{"rendered":"\t\t<div data-elementor-type=\"wp-page\" data-elementor-id=\"75038\" class=\"elementor elementor-75038 elementor-74584\" data-elementor-post-type=\"page\">\n\t\t\t\t<div class=\"elementor-element elementor-element-f1a52e3 header-keyvisual-container e-flex e-con-boxed e-con e-parent\" data-id=\"f1a52e3\" data-element_type=\"container\" data-e-type=\"container\" data-settings=\"{&quot;background_background&quot;:&quot;classic&quot;}\">\n\t\t\t\t\t<div class=\"e-con-inner\">\n\t\t\t\t<div class=\"elementor-element elementor-element-41ff0a08 elementor-align-left elementor-widget elementor-widget-breadcrumbs\" data-id=\"41ff0a08\" data-element_type=\"widget\" data-e-type=\"widget\" data-widget_type=\"breadcrumbs.default\">\n\t\t\t\t<div class=\"elementor-widget-container\">\n\t\t\t\t\t<p id=\"breadcrumbs\"><span><span><a href=\"https:\/\/www.skaylink.com\/de\/\">Home<\/a><\/span><\/span><\/p>\t\t\t\t<\/div>\n\t\t\t\t<\/div>\n\t\t<div class=\"elementor-element elementor-element-46daccbd e-con-full e-flex e-con e-child\" data-id=\"46daccbd\" data-element_type=\"container\" data-e-type=\"container\">\n\t\t<div class=\"elementor-element elementor-element-51ba3353 header-keyvisual-content e-con-full e-flex e-con e-child\" data-id=\"51ba3353\" data-element_type=\"container\" data-e-type=\"container\" data-settings=\"{&quot;background_background&quot;:&quot;classic&quot;}\">\n\t\t\t\t<div class=\"elementor-element elementor-element-68f8fe2d elementor-widget elementor-widget-image\" data-id=\"68f8fe2d\" data-element_type=\"widget\" data-e-type=\"widget\" data-widget_type=\"image.default\">\n\t\t\t\t<div class=\"elementor-widget-container\">\n\t\t\t\t\t\t\t\t\t\t\t\t\t\t\t<img fetchpriority=\"high\" decoding=\"async\" width=\"1366\" height=\"932\" src=\"https:\/\/www.skaylink.com\/wp-content\/uploads\/2024\/05\/Img-22.jpg\" class=\"attachment-full size-full wp-image-74587\" alt=\"\" srcset=\"https:\/\/www.skaylink.com\/wp-content\/uploads\/2024\/05\/Img-22.jpg 1366w, https:\/\/www.skaylink.com\/wp-content\/uploads\/2024\/05\/Img-22-300x205.jpg 300w, https:\/\/www.skaylink.com\/wp-content\/uploads\/2024\/05\/Img-22-1024x699.jpg 1024w, https:\/\/www.skaylink.com\/wp-content\/uploads\/2024\/05\/Img-22-768x524.jpg 768w\" sizes=\"(max-width: 1366px) 100vw, 1366px\" \/>\t\t\t\t\t\t\t\t\t\t\t\t\t\t\t<\/div>\n\t\t\t\t<\/div>\n\t\t\t\t<\/div>\n\t\t<div class=\"elementor-element elementor-element-77f1c2b4 e-con-full e-flex e-con e-child\" data-id=\"77f1c2b4\" data-element_type=\"container\" data-e-type=\"container\">\n\t\t\t\t<div class=\"elementor-element elementor-element-6704fad4 elementor-widget elementor-widget-text-editor\" data-id=\"6704fad4\" data-element_type=\"widget\" data-e-type=\"widget\" data-widget_type=\"text-editor.default\">\n\t\t\t\t<div class=\"elementor-widget-container\">\n\t\t\t\t\t\t\t\t\t<p>CADD<\/p>\n\t\t\t\t\t\t\t\t<\/div>\n\t\t\t\t<\/div>\n\t\t\t\t<div class=\"elementor-element elementor-element-47ad8cf0 elementor-widget elementor-widget-heading\" data-id=\"47ad8cf0\" data-element_type=\"widget\" data-e-type=\"widget\" data-widget_type=\"heading.default\">\n\t\t\t\t<div class=\"elementor-widget-container\">\n\t\t\t\t\t<h1 class=\"elementor-heading-title elementor-size-default\">Cloud Accelerated Development &amp; Delivery Platform (CADD)<\/h1>\t\t\t\t<\/div>\n\t\t\t\t<\/div>\n\t\t\t\t<div class=\"elementor-element elementor-element-524310af elementor-widget elementor-widget-text-editor\" data-id=\"524310af\" data-element_type=\"widget\" data-e-type=\"widget\" data-widget_type=\"text-editor.default\">\n\t\t\t\t<div class=\"elementor-widget-container\">\n\t\t\t\t\t\t\t\t\t<p>CADD ist ein Toolkit, das die Cloud-Entwicklung beschleunigt und Tests automatisiert, um Qualit\u00e4t und Leistung sicherzustellen. Mit den Bausteinen dieser Plattform bieten wir unseren Kunden Starthilfe f\u00fcr jede cloudbasierte Entwicklungsinitiative. So k\u00f6nnen wir innerhalb weniger Wochen von der Idee zum MVP gelangen und Ihre L\u00f6sung p\u00fcnktlich und im Rahmen des Budgets bereitstellen.<\/p>\n\t\t\t\t\t\t\t\t<\/div>\n\t\t\t\t<\/div>\n\t\t\t\t<\/div>\n\t\t\t\t<\/div>\n\t\t\t\t\t<\/div>\n\t\t\t\t<\/div>\n\t\t<div class=\"elementor-element elementor-element-a1d86d6 e-flex e-con-boxed e-con e-parent\" data-id=\"a1d86d6\" data-element_type=\"container\" data-e-type=\"container\">\n\t\t\t\t\t<div class=\"e-con-inner\">\n\t\t<div class=\"elementor-element elementor-element-6a654321 e-con-full e-flex e-con e-child\" data-id=\"6a654321\" data-element_type=\"container\" data-e-type=\"container\">\n\t\t\t\t<div class=\"elementor-element elementor-element-3e400bf8 elementor-widget elementor-widget-heading\" data-id=\"3e400bf8\" data-element_type=\"widget\" data-e-type=\"widget\" data-widget_type=\"heading.default\">\n\t\t\t\t<div class=\"elementor-widget-container\">\n\t\t\t\t\t<h3 class=\"elementor-heading-title elementor-size-default\">Sie beabsichtigen, in die Cloud zu wechseln?<\/h3>\t\t\t\t<\/div>\n\t\t\t\t<\/div>\n\t\t\t\t<div class=\"elementor-element elementor-element-6fa07239 elementor-widget elementor-widget-text-editor\" data-id=\"6fa07239\" data-element_type=\"widget\" data-e-type=\"widget\" data-widget_type=\"text-editor.default\">\n\t\t\t\t<div class=\"elementor-widget-container\">\n\t\t\t\t\t\t\t\t\t<p>Das Cloud Center of Excellence von Skaylink besteht aus einem erfahrenen Team, das Sie bei der Umsetzung Ihrer Pl\u00e4ne unterst\u00fctzt. In der CADD-Plattform sind die Best Practices kodifiziert, die wir f\u00fcr unser Azure Cloud <a href=\"https:\/\/www.skaylink.com\/de\/application-innovation\/devops\/\">DevOps<\/a> Development Framework optimiert haben. So k\u00f6nnen wir uns auf die Gesch\u00e4ftsanwendung konzentrieren, anstatt Zeit und Geld in die Basiskomponenten der L\u00f6sung zu investieren. Wir bieten flexible Engagement-Modelle. Verlassen Sie sich auf unser Team, um Ihre Cloud-Plattform zu entwerfen, aufzubauen und kontinuierlich zu verbessern. Alternativ arbeiten wir mit Ihrer IT-Organisation zusammen, um sie bei der Implementierung der DevOps-Methodik mit CADD zu unterst\u00fctzen.<\/p><p>Erfahrung ist durch nichts zu ersetzen. Unser Team hat bereits jahrelang mit den Cloud-L\u00f6sungen der Microsoft Azure Suite gearbeitet und seine Prozesse kontinuierlich verbessert. Um Ihre L\u00f6sung zu entwickeln, werden vollst\u00e4ndig automatisierte Test- und Bereitstellungsmethoden genutzt, die in unserer CADD-Plattform integriert sind. Verbesserungen im Bereich Test und \u00dcberwachung, die von einem einzigen Skaylink-Team identifiziert werden, werden schnell in der gesamten Organisation verbreitet, sobald sie in der CADD-Software kodifiziert sind.<\/p><p>CADD ist von Microsoft zertifiziert und ist im Microsoft Marketplace und Appsource zu finden.<\/p>\t\t\t\t\t\t\t\t<\/div>\n\t\t\t\t<\/div>\n\t\t\t\t<\/div>\n\t\t\t\t\t<\/div>\n\t\t\t\t<\/div>\n\t\t<div class=\"elementor-element elementor-element-562edf2d e-flex e-con-boxed e-con e-parent\" data-id=\"562edf2d\" data-element_type=\"container\" data-e-type=\"container\">\n\t\t\t\t\t<div class=\"e-con-inner\">\n\t\t<div class=\"elementor-element elementor-element-46f4d024 e-con-full e-flex e-con e-child\" data-id=\"46f4d024\" data-element_type=\"container\" data-e-type=\"container\" data-settings=\"{&quot;background_background&quot;:&quot;classic&quot;}\">\n\t\t\t\t<div class=\"elementor-element elementor-element-562fb5a6 elementor-widget elementor-widget-image\" data-id=\"562fb5a6\" data-element_type=\"widget\" data-e-type=\"widget\" data-widget_type=\"image.default\">\n\t\t\t\t<div class=\"elementor-widget-container\">\n\t\t\t\t\t\t\t\t\t\t\t\t\t\t\t<img decoding=\"async\" width=\"581\" height=\"386\" src=\"https:\/\/www.skaylink.com\/wp-content\/uploads\/2024\/05\/cadd.png\" class=\"attachment-full size-full wp-image-74592\" alt=\"\" srcset=\"https:\/\/www.skaylink.com\/wp-content\/uploads\/2024\/05\/cadd.png 581w, https:\/\/www.skaylink.com\/wp-content\/uploads\/2024\/05\/cadd-300x199.png 300w\" sizes=\"(max-width: 581px) 100vw, 581px\" \/>\t\t\t\t\t\t\t\t\t\t\t\t\t\t\t<\/div>\n\t\t\t\t<\/div>\n\t\t\t\t<\/div>\n\t\t<div class=\"elementor-element elementor-element-7cf6362d e-con-full e-flex e-con e-child\" data-id=\"7cf6362d\" data-element_type=\"container\" data-e-type=\"container\" data-settings=\"{&quot;background_background&quot;:&quot;classic&quot;}\">\n\t\t\t\t<div class=\"elementor-element elementor-element-532449a1 elementor-widget elementor-widget-heading\" data-id=\"532449a1\" data-element_type=\"widget\" data-e-type=\"widget\" data-widget_type=\"heading.default\">\n\t\t\t\t<div class=\"elementor-widget-container\">\n\t\t\t\t\t<h4 class=\"elementor-heading-title elementor-size-default\">Vorteile durch CADD<\/h4>\t\t\t\t<\/div>\n\t\t\t\t<\/div>\n\t\t\t\t<div class=\"elementor-element elementor-element-4af4ccb2 elementor-widget elementor-widget-text-editor\" data-id=\"4af4ccb2\" data-element_type=\"widget\" data-e-type=\"widget\" data-widget_type=\"text-editor.default\">\n\t\t\t\t<div class=\"elementor-widget-container\">\n\t\t\t\t\t\t\t\t\t<p>Die Cloud entwickelt sich st\u00e4ndig weiter \u2013 und das gilt auch f\u00fcr CADD. Als Microsoft Preferred Partner stehen wir in engem Kontakt mit der Azure-Organisation. Unser Team ist aktiv in das Cloud-\u00d6kosystem eingebunden, tauscht Ideen aus, identifiziert M\u00f6glichkeiten, um Dinge anders zu machen, und kodifiziert schlie\u00dflich die neuesten und besten Ideen in der CADD-Plattform.<\/p>\n<ul>\n<li>Stellt eine qualitativ hochwertige Bereitstellung sicher<\/li>\n<li>Implementiert alle notwendigen Leitplanken und Governance-Prozesse<\/li>\n<li>Tools f\u00fcr die Automatisierung von Tests, Bereitstellungen und Set-ups<\/li>\n<li>Hilft Entwickler*innen bei der Anwendung standardisierter DevOps-Entwicklungsmethoden<\/li>\n<li>Liefert wiederverwendbare, vorgefertigte Architekturbausteine<\/li>\n<li>Baut eine effiziente Microservices-Architektur auf<\/li>\n<\/ul>\n\t\t\t\t\t\t\t\t<\/div>\n\t\t\t\t<\/div>\n\t\t\t\t<\/div>\n\t\t\t\t\t<\/div>\n\t\t\t\t<\/div>\n\t\t<div class=\"elementor-element elementor-element-be0b9eb e-flex e-con-boxed e-con e-parent\" data-id=\"be0b9eb\" data-element_type=\"container\" data-e-type=\"container\">\n\t\t\t\t\t<div class=\"e-con-inner\">\n\t\t<div class=\"elementor-element elementor-element-6b14963c e-con-full e-flex e-con e-child\" data-id=\"6b14963c\" data-element_type=\"container\" data-e-type=\"container\">\n\t\t\t\t<div class=\"elementor-element elementor-element-594054d7 elementor-widget elementor-widget-image\" data-id=\"594054d7\" data-element_type=\"widget\" data-e-type=\"widget\" data-widget_type=\"image.default\">\n\t\t\t\t<div class=\"elementor-widget-container\">\n\t\t\t\t\t\t\t\t\t\t\t\t\t\t\t<img decoding=\"async\" width=\"328\" height=\"328\" src=\"https:\/\/www.skaylink.com\/wp-content\/uploads\/2024\/05\/Ellipse-46-2.jpg\" class=\"attachment-full size-full wp-image-74594\" alt=\"\" srcset=\"https:\/\/www.skaylink.com\/wp-content\/uploads\/2024\/05\/Ellipse-46-2.jpg 328w, https:\/\/www.skaylink.com\/wp-content\/uploads\/2024\/05\/Ellipse-46-2-300x300.jpg 300w, https:\/\/www.skaylink.com\/wp-content\/uploads\/2024\/05\/Ellipse-46-2-150x150.jpg 150w\" sizes=\"(max-width: 328px) 100vw, 328px\" \/>\t\t\t\t\t\t\t\t\t\t\t\t\t\t\t<\/div>\n\t\t\t\t<\/div>\n\t\t\t\t<\/div>\n\t\t<div class=\"elementor-element elementor-element-727952ae e-con-full e-flex e-con e-child\" data-id=\"727952ae\" data-element_type=\"container\" data-e-type=\"container\">\n\t\t\t\t<div class=\"elementor-element elementor-element-43b3a139 elementor-blockquote--skin-border elementor-widget elementor-widget-blockquote\" data-id=\"43b3a139\" data-element_type=\"widget\" data-e-type=\"widget\" data-widget_type=\"blockquote.default\">\n\t\t\t\t<div class=\"elementor-widget-container\">\n\t\t\t\t\t\t\t<blockquote class=\"elementor-blockquote\">\n\t\t\t<p class=\"elementor-blockquote__content\">\n\t\t\t\t\u201eCADD hat einen gro\u00dfen Unterschied in der Art und Weise gemacht, wie wir die Lieferung handhaben. Im Vergleich zu den von uns gemanagten agilen Projekten werden Fehler zw\u00f6lf mal schneller behoben. CADD bietet au\u00dferdem Standards, Tools, automatisierte Tests und eine robuste Cloud-Architektur, die es erm\u00f6glichen, neue Entwickler*innen effizient einzubinden \u2013 innerhalb weniger Wochen k\u00f6nnen sie Code in die Produktion bringen.\u201c\t\t\t<\/p>\n\t\t\t\t\t\t\t<div class=\"e-q-footer\">\n\t\t\t\t\t\t\t\t\t\t\t<cite class=\"elementor-blockquote__author\">Nicolai Graff Andersen, CIO<\/cite>\n\t\t\t\t\t\t\t\t\t\t\t\t\t\t<\/div>\n\t\t\t\t\t<\/blockquote>\n\t\t\t\t\t\t<\/div>\n\t\t\t\t<\/div>\n\t\t\t\t<\/div>\n\t\t\t\t\t<\/div>\n\t\t\t\t<\/div>\n\t\t<div class=\"elementor-element elementor-element-f3042f3 e-flex e-con-boxed e-con e-parent\" data-id=\"f3042f3\" data-element_type=\"container\" data-e-type=\"container\" data-settings=\"{&quot;background_background&quot;:&quot;classic&quot;}\">\n\t\t\t\t\t<div class=\"e-con-inner\">\n\t\t\t\t<div class=\"elementor-element elementor-element-1f7127b2 elementor-widget elementor-widget-heading\" data-id=\"1f7127b2\" data-element_type=\"widget\" data-e-type=\"widget\" data-widget_type=\"heading.default\">\n\t\t\t\t<div class=\"elementor-widget-container\">\n\t\t\t\t\t<h3 class=\"elementor-heading-title elementor-size-default\">Sind Sie bereit? Dann sollten wir uns kennenlernen.<\/h3>\t\t\t\t<\/div>\n\t\t\t\t<\/div>\n\t\t\t\t<div class=\"elementor-element elementor-element-22235ee6 elementor-widget__width-inherit elementor-widget elementor-widget-text-editor\" data-id=\"22235ee6\" data-element_type=\"widget\" data-e-type=\"widget\" data-widget_type=\"text-editor.default\">\n\t\t\t\t<div class=\"elementor-widget-container\">\n\t\t\t\t\t\t\t\t\t<p>Ihr Unternehmen ist einzigartig. Ihre technische Beratung sollte es auch sein. Lassen Sie uns \u00fcber Ihre IT-Bed\u00fcrfnisse sprechen.<\/p>\n\t\t\t\t\t\t\t\t<\/div>\n\t\t\t\t<\/div>\n\t\t\t\t<div class=\"elementor-element elementor-element-2e420cf elementor-widget elementor-widget-button\" data-id=\"2e420cf\" data-element_type=\"widget\" data-e-type=\"widget\" data-widget_type=\"button.default\">\n\t\t\t\t<div class=\"elementor-widget-container\">\n\t\t\t\t\t\t\t\t\t<div class=\"elementor-button-wrapper\">\n\t\t\t\t\t<a class=\"elementor-button elementor-button-link elementor-size-sm\" href=\"https:\/\/www.skaylink.com\/de\/kontakt\/\">\n\t\t\t\t\t\t<span class=\"elementor-button-content-wrapper\">\n\t\t\t\t\t\t<span class=\"elementor-button-icon\">\n\t\t\t\t<i aria-hidden=\"true\" class=\"skaylinkicon- skaylink-icon-arrow\"><\/i>\t\t\t<\/span>\n\t\t\t\t\t\t\t\t\t<span class=\"elementor-button-text\">Kontakt<\/span>\n\t\t\t\t\t<\/span>\n\t\t\t\t\t<\/a>\n\t\t\t\t<\/div>\n\t\t\t\t\t\t\t\t<\/div>\n\t\t\t\t<\/div>\n\t\t\t\t\t<\/div>\n\t\t\t\t<\/div>\n\t\t\t\t<\/div>\n\t\t","protected":false},"excerpt":{"rendered":"<p>CADD Cloud Accelerated Development &amp; Delivery Platform (CADD) CADD ist ein Toolkit, das die Cloud-Entwicklung beschleunigt und Tests automatisiert, um Qualit\u00e4t und Leistung sicherzustellen. Mit den Bausteinen dieser Plattform bieten wir unseren Kunden Starthilfe f\u00fcr jede cloudbasierte Entwicklungsinitiative. So k\u00f6nnen wir innerhalb weniger Wochen von der Idee zum MVP gelangen und Ihre L\u00f6sung p\u00fcnktlich und [&hellip;]<\/p>\n","protected":false},"author":34,"featured_media":74587,"parent":0,"menu_order":0,"comment_status":"closed","ping_status":"closed","template":"","meta":{"_acf_changed":false,"footnotes":""},"categories":[],"tags":[],"class_list":["post-75038","page","type-page","status-publish","has-post-thumbnail","hentry"],"acf":[],"_links":{"self":[{"href":"https:\/\/www.skaylink.com\/de\/wp-json\/wp\/v2\/pages\/75038","targetHints":{"allow":["GET"]}}],"collection":[{"href":"https:\/\/www.skaylink.com\/de\/wp-json\/wp\/v2\/pages"}],"about":[{"href":"https:\/\/www.skaylink.com\/de\/wp-json\/wp\/v2\/types\/page"}],"author":[{"embeddable":true,"href":"https:\/\/www.skaylink.com\/de\/wp-json\/wp\/v2\/users\/34"}],"replies":[{"embeddable":true,"href":"https:\/\/www.skaylink.com\/de\/wp-json\/wp\/v2\/comments?post=75038"}],"version-history":[{"count":8,"href":"https:\/\/www.skaylink.com\/de\/wp-json\/wp\/v2\/pages\/75038\/revisions"}],"predecessor-version":[{"id":89703,"href":"https:\/\/www.skaylink.com\/de\/wp-json\/wp\/v2\/pages\/75038\/revisions\/89703"}],"wp:featuredmedia":[{"embeddable":true,"href":"https:\/\/www.skaylink.com\/de\/wp-json\/wp\/v2\/media\/74587"}],"wp:attachment":[{"href":"https:\/\/www.skaylink.com\/de\/wp-json\/wp\/v2\/media?parent=75038"}],"wp:term":[{"taxonomy":"category","embeddable":true,"href":"https:\/\/www.skaylink.com\/de\/wp-json\/wp\/v2\/categories?post=75038"},{"taxonomy":"post_tag","embeddable":true,"href":"https:\/\/www.skaylink.com\/de\/wp-json\/wp\/v2\/tags?post=75038"}],"curies":[{"name":"wp","href":"https:\/\/api.w.org\/{rel}","templated":true}]}}