{"id":74713,"date":"2024-05-21T17:34:51","date_gmt":"2024-05-21T15:34:51","guid":{"rendered":"https:\/\/www.skaylink.com\/?page_id=74713"},"modified":"2025-07-22T15:57:10","modified_gmt":"2025-07-22T13:57:10","slug":"copilot-security-workshop","status":"publish","type":"page","link":"https:\/\/www.skaylink.com\/de\/copilot-security-workshop\/","title":{"rendered":"Copilot Security Workshop"},"content":{"rendered":"\t\t<div data-elementor-type=\"wp-page\" data-elementor-id=\"74713\" class=\"elementor elementor-74713\" data-elementor-post-type=\"page\">\n\t\t\t\t<div class=\"elementor-element elementor-element-b101903 header-keyvisual-container e-flex e-con-boxed e-con e-parent\" data-id=\"b101903\" data-element_type=\"container\" data-e-type=\"container\" data-settings=\"{&quot;background_background&quot;:&quot;classic&quot;}\">\n\t\t\t\t\t<div class=\"e-con-inner\">\n\t\t\t\t<div class=\"elementor-element elementor-element-27d35769 elementor-align-left elementor-widget elementor-widget-breadcrumbs\" data-id=\"27d35769\" data-element_type=\"widget\" data-e-type=\"widget\" data-widget_type=\"breadcrumbs.default\">\n\t\t\t\t<div class=\"elementor-widget-container\">\n\t\t\t\t\t<p id=\"breadcrumbs\"><span><span><a href=\"https:\/\/www.skaylink.com\/de\/\">Home<\/a><\/span><\/span><\/p>\t\t\t\t<\/div>\n\t\t\t\t<\/div>\n\t\t<div class=\"elementor-element elementor-element-1a90f20 e-con-full e-flex e-con e-child\" data-id=\"1a90f20\" data-element_type=\"container\" data-e-type=\"container\">\n\t\t<div class=\"elementor-element elementor-element-6148d1cb header-keyvisual-content e-con-full e-flex e-con e-child\" data-id=\"6148d1cb\" data-element_type=\"container\" data-e-type=\"container\" data-settings=\"{&quot;background_background&quot;:&quot;classic&quot;}\">\n\t\t\t\t<div class=\"elementor-element elementor-element-1adb01e0 elementor-widget elementor-widget-image\" data-id=\"1adb01e0\" data-element_type=\"widget\" data-e-type=\"widget\" data-widget_type=\"image.default\">\n\t\t\t\t<div class=\"elementor-widget-container\">\n\t\t\t\t\t\t\t\t\t\t\t\t\t\t\t<img fetchpriority=\"high\" decoding=\"async\" width=\"2560\" height=\"1551\" src=\"https:\/\/www.skaylink.com\/wp-content\/uploads\/2024\/05\/AdobeStock_573847114-1-scaled.jpeg\" class=\"attachment-full size-full wp-image-74715\" alt=\"\" srcset=\"https:\/\/www.skaylink.com\/wp-content\/uploads\/2024\/05\/AdobeStock_573847114-1-scaled.jpeg 2560w, https:\/\/www.skaylink.com\/wp-content\/uploads\/2024\/05\/AdobeStock_573847114-1-300x182.jpeg 300w, https:\/\/www.skaylink.com\/wp-content\/uploads\/2024\/05\/AdobeStock_573847114-1-1024x620.jpeg 1024w, https:\/\/www.skaylink.com\/wp-content\/uploads\/2024\/05\/AdobeStock_573847114-1-768x465.jpeg 768w, https:\/\/www.skaylink.com\/wp-content\/uploads\/2024\/05\/AdobeStock_573847114-1-1536x930.jpeg 1536w, https:\/\/www.skaylink.com\/wp-content\/uploads\/2024\/05\/AdobeStock_573847114-1-2048x1240.jpeg 2048w\" sizes=\"(max-width: 2560px) 100vw, 2560px\" \/>\t\t\t\t\t\t\t\t\t\t\t\t\t\t\t<\/div>\n\t\t\t\t<\/div>\n\t\t\t\t<\/div>\n\t\t<div class=\"elementor-element elementor-element-4a24d5e3 e-con-full e-flex e-con e-child\" data-id=\"4a24d5e3\" data-element_type=\"container\" data-e-type=\"container\">\n\t\t\t\t<div class=\"elementor-element elementor-element-2108e0af elementor-widget elementor-widget-text-editor\" data-id=\"2108e0af\" data-element_type=\"widget\" data-e-type=\"widget\" data-widget_type=\"text-editor.default\">\n\t\t\t\t<div class=\"elementor-widget-container\">\n\t\t\t\t\t\t\t\t\t<p>Optimierter Schutz mit AI<\/p>\t\t\t\t\t\t\t\t<\/div>\n\t\t\t\t<\/div>\n\t\t\t\t<div class=\"elementor-element elementor-element-243dc182 elementor-widget elementor-widget-heading\" data-id=\"243dc182\" data-element_type=\"widget\" data-e-type=\"widget\" data-widget_type=\"heading.default\">\n\t\t\t\t<div class=\"elementor-widget-container\">\n\t\t\t\t\t<h1 class=\"elementor-heading-title elementor-size-default\">Microsoft Copilot Security Workshop<\/h1>\t\t\t\t<\/div>\n\t\t\t\t<\/div>\n\t\t\t\t<div class=\"elementor-element elementor-element-2486008a elementor-widget elementor-widget-text-editor\" data-id=\"2486008a\" data-element_type=\"widget\" data-e-type=\"widget\" data-widget_type=\"text-editor.default\">\n\t\t\t\t<div class=\"elementor-widget-container\">\n\t\t\t\t\t\t\t\t\t<p>Schneller \u00dcberblick in zwei dreist\u00fcndigen Sessions<\/p>\t\t\t\t\t\t\t\t<\/div>\n\t\t\t\t<\/div>\n\t\t\t\t<\/div>\n\t\t\t\t<\/div>\n\t\t\t\t\t<\/div>\n\t\t\t\t<\/div>\n\t\t<div class=\"elementor-element elementor-element-54ca5fc3 e-flex e-con-boxed e-con e-parent\" data-id=\"54ca5fc3\" data-element_type=\"container\" data-e-type=\"container\">\n\t\t\t\t\t<div class=\"e-con-inner\">\n\t\t<div class=\"elementor-element elementor-element-59ad22d e-flex e-con-boxed e-con e-child\" data-id=\"59ad22d\" data-element_type=\"container\" data-e-type=\"container\">\n\t\t\t\t\t<div class=\"e-con-inner\">\n\t\t<div class=\"elementor-element elementor-element-014dece e-flex e-con-boxed e-con e-child\" data-id=\"014dece\" data-element_type=\"container\" data-e-type=\"container\">\n\t\t\t\t\t<div class=\"e-con-inner\">\n\t\t<div class=\"elementor-element elementor-element-b916f3c e-flex e-con-boxed e-con e-child\" data-id=\"b916f3c\" data-element_type=\"container\" data-e-type=\"container\" data-settings=\"{&quot;background_background&quot;:&quot;classic&quot;}\">\n\t\t\t\t\t<div class=\"e-con-inner\">\n\t\t\t\t<div class=\"elementor-element elementor-element-bcb9534 elementor-widget elementor-widget-text-editor\" data-id=\"bcb9534\" data-element_type=\"widget\" data-e-type=\"widget\" data-widget_type=\"text-editor.default\">\n\t\t\t\t<div class=\"elementor-widget-container\">\n\t\t\t\t\t\t\t\t\t<p>Bereiten Sie sich auf den neuen Microsoft Copilot Security vor und entdecken Sie, wie generative KI die IT-Sicherheit Ihres Unternehmens st\u00e4rken kann. In unserem umfassenden Workshop gehen wir auf alle Aspekte ein, die f\u00fcr Sie relevant sind \u2013 von Umsetzungsstrategien bis hin zum effektiven Prompten. Die zunehmende Geschwindigkeit, das Ausma\u00df und die Raffinesse von Cyberangriffen erfordern eine Neubewertung herk\u00f6mmlicher Sicherheitstools. Hier kommt der Microsoft Copilot Security ins Spiel, eine hochmoderne generative KI-L\u00f6sung, die auf Zero-Trust-Prinzipien basiert. Mit Einf\u00fchrung dieser Technologie verschaffen Sie Ihrem Unternehmen einen Wettbewerbsvorsprung in der sich st\u00e4ndig weiterentwickelnden digitalen Bedrohungslandschaft \u2013 Ihr Security Team wird es Ihnen danken.<\/p>\t\t\t\t\t\t\t\t<\/div>\n\t\t\t\t<\/div>\n\t\t\t\t<div class=\"elementor-element elementor-element-a490d03 elementor-widget elementor-widget-heading\" data-id=\"a490d03\" data-element_type=\"widget\" data-e-type=\"widget\" data-widget_type=\"heading.default\">\n\t\t\t\t<div class=\"elementor-widget-container\">\n\t\t\t\t\t<h5 class=\"elementor-heading-title elementor-size-default\">Warum sollten Sie am Copilot Security Workshop teilnehmen?<\/h5>\t\t\t\t<\/div>\n\t\t\t\t<\/div>\n\t\t\t\t<div class=\"elementor-element elementor-element-6bcd0367 elementor-widget elementor-widget-text-editor\" data-id=\"6bcd0367\" data-element_type=\"widget\" data-e-type=\"widget\" data-widget_type=\"text-editor.default\">\n\t\t\t\t<div class=\"elementor-widget-container\">\n\t\t\t\t\t\t\t\t\t<p>Wie bei jeder neu aufkommenden Technologie gibt es immer einige Fragen zu kl\u00e4ren. Was genau ist der Copilot Security? Wie kann KI Ihre Infrastruktur verbessern? Welche Erkenntnisse sind f\u00fcr die Implementierung relevant? Wir hatten das gro\u00dfe Privileg, an der Microsoft Copilot Security Partner Private Preview teilzunehmen. Unser Workshop geht direkt auf alles Wesentliche ein \u2013 und Sie haben die Chance, von dieser bahnbrechenden L\u00f6sung als Early Adopter zu profitieren.<\/p>\t\t\t\t\t\t\t\t<\/div>\n\t\t\t\t<\/div>\n\t\t\t\t<div class=\"elementor-element elementor-element-207040b elementor-widget elementor-widget-heading\" data-id=\"207040b\" data-element_type=\"widget\" data-e-type=\"widget\" data-widget_type=\"heading.default\">\n\t\t\t\t<div class=\"elementor-widget-container\">\n\t\t\t\t\t<h5 class=\"elementor-heading-title elementor-size-default\">Was erwartet Sie in unserem Copilot Security Workshop?<\/h5>\t\t\t\t<\/div>\n\t\t\t\t<\/div>\n\t\t\t\t<div class=\"elementor-element elementor-element-64a63ad elementor-widget elementor-widget-text-editor\" data-id=\"64a63ad\" data-element_type=\"widget\" data-e-type=\"widget\" data-widget_type=\"text-editor.default\">\n\t\t\t\t<div class=\"elementor-widget-container\">\n\t\t\t\t\t\t\t\t\t<p>In zwei dreist\u00fcndigen Sessions bekommen Sie eine umfassende Einf\u00fchrung in Copilot Security. Freuen Sie sich auf folgende Themen:<\/p><h5>Verschiedene Personas ber\u00fccksichtigen<\/h5><p>Von CISOs bis hin zu SOC Anaylsts \u2013 erfahren Sie, wie die verschiedenen Rollen Microsoft Copilot Security effektiv nutzen k\u00f6nnen:<\/p><ol><li>CISOs: Schwerpunkt auf strategische Sicherheitsplanung und Risikomanagement legen<\/li><li>SOC Analysts: Technische Einblicke hinsichtlich Bedrohungserkennung und Incident Response vermitteln<\/li><li>Endnutzer*innen: \u00dcber g\u00e4ngige Bedrohungen wie Phishing und Social Engineering aufkl\u00e4ren<\/li><\/ol><h5>Security Prompts<\/h5><ul><li>Erstellen Sie eine n\u00fctzliche Prompt-Anleitung f\u00fcr Ihr Unternehmen.<\/li><li>Entwerfen Sie aufmerksamkeitsstarke Kampagnen zur St\u00e4rkung des Sicherheitsbewusstseins mit einpr\u00e4gsamen Botschaften zum Thema Cybersicherheit. Nutzen Sie Bilder, Humor und pr\u00e4gnante Texte, um wichtige Sicherheitstipps und Best Practices zu vermitteln. Sie k\u00f6nnen z.\u00a0B. CEO-Fraud erstellen, um das Bewusstsein f\u00fcr die Bedeutung von Passworthygiene, die Sensibilisierung f\u00fcr Phishing oder die Meldung verd\u00e4chtiger Aktivit\u00e4ten zu sch\u00e4rfen.<\/li><\/ul><p>Machen Sie sich startklar: Nutzen Sie das volle Potenzial von KI aus und optimieren Sie Ihre Sicherheitslage mit Copilot Security.<\/p>\t\t\t\t\t\t\t\t<\/div>\n\t\t\t\t<\/div>\n\t\t\t\t\t<\/div>\n\t\t\t\t<\/div>\n\t\t<div class=\"elementor-element elementor-element-2995186 e-flex e-con-boxed e-con e-child\" data-id=\"2995186\" data-element_type=\"container\" data-e-type=\"container\" data-settings=\"{&quot;background_background&quot;:&quot;classic&quot;}\">\n\t\t\t\t\t<div class=\"e-con-inner\">\n\t\t\t\t<div class=\"elementor-element elementor-element-dd69649 elementor-widget elementor-widget-heading\" data-id=\"dd69649\" data-element_type=\"widget\" data-e-type=\"widget\" data-widget_type=\"heading.default\">\n\t\t\t\t<div class=\"elementor-widget-container\">\n\t\t\t\t\t<h5 class=\"elementor-heading-title elementor-size-default\">Sie haben Interesse an unserem Copilot Security Workshop? Nehmen Sie gerne Kontakt mit uns auf!<\/h5>\t\t\t\t<\/div>\n\t\t\t\t<\/div>\n\t\t\t\t<div class=\"elementor-element elementor-element-8fc9e85 elementor-widget elementor-widget-wpforms\" data-id=\"8fc9e85\" data-element_type=\"widget\" data-e-type=\"widget\" data-widget_type=\"wpforms.default\">\n\t\t\t\t<div class=\"elementor-widget-container\">\n\t\t\t\t\t<style id=\"wpforms-css-vars-elementor-widget-8fc9e85\">\n\t\t\t\t.elementor-widget-wpforms.elementor-element-8fc9e85 {\n\t\t\t\t--wpforms-button-background-color: #F2341B;\n\t\t\t}\n\t\t\t<\/style><div class=\"wpforms-container wpforms-container-full wpforms-render-modern\" id=\"wpforms-87403\"><form id=\"wpforms-form-87403\" class=\"wpforms-validate wpforms-form wpforms-ajax-form\" data-formid=\"87403\" method=\"post\" enctype=\"multipart\/form-data\" action=\"\/de\/wp-json\/wp\/v2\/pages\/74713\" data-token=\"264f45dd67acf477634c556304e20cd1\" data-token-time=\"1775492592\"><noscript class=\"wpforms-error-noscript\">Bitte aktiviere JavaScript in deinem Browser, um dieses Formular fertigzustellen.<\/noscript><div id=\"wpforms-error-noscript\" style=\"display: none;\">Bitte aktiviere JavaScript in deinem Browser, um dieses Formular fertigzustellen.<\/div><div class=\"wpforms-field-container\">\t\t<div id=\"wpforms-87403-field_1-container\"\n\t\t\tclass=\"wpforms-field wpforms-field-text\"\n\t\t\tdata-field-type=\"text\"\n\t\t\tdata-field-id=\"1\"\n\t\t\t>\n\t\t\t<label class=\"wpforms-field-label\" for=\"wpforms-87403-field_1\" >Vorname Unternehmen Nachname<\/label>\n\t\t\t<input type=\"text\" id=\"wpforms-87403-field_1\" class=\"wpforms-field-medium\" name=\"wpforms[fields][1]\" >\n\t\t<\/div>\n\t\t<div id=\"wpforms-87403-field_11-container\" class=\"wpforms-field wpforms-field-layout\" data-field-id=\"11\"><div class=\"wpforms-field-layout-rows wpforms-field-large\"><div class=\"wpforms-layout-row\"><div class=\"wpforms-layout-column wpforms-layout-column-100\"><div id=\"wpforms-87403-field_5-container\" class=\"wpforms-field wpforms-field-text\" data-field-id=\"5\"><label class=\"wpforms-field-label\" for=\"wpforms-87403-field_5\">Vorname <span class=\"wpforms-required-label\" aria-hidden=\"true\">*<\/span><\/label><input type=\"text\" id=\"wpforms-87403-field_5\" class=\"wpforms-field-large wpforms-field-required\" name=\"wpforms[fields][5]\" placeholder=\"Ihr Vorname\" aria-errormessage=\"wpforms-87403-field_5-error\" required><\/div><\/div><\/div><div class=\"wpforms-layout-row\"><div class=\"wpforms-layout-column wpforms-layout-column-100\"><div id=\"wpforms-87403-field_6-container\" class=\"wpforms-field wpforms-field-text\" data-field-id=\"6\"><label class=\"wpforms-field-label\" for=\"wpforms-87403-field_6\">Nachname <span class=\"wpforms-required-label\" aria-hidden=\"true\">*<\/span><\/label><input type=\"text\" id=\"wpforms-87403-field_6\" class=\"wpforms-field-large wpforms-field-required\" name=\"wpforms[fields][6]\" placeholder=\"Ihr Nachname\" aria-errormessage=\"wpforms-87403-field_6-error\" required><\/div><\/div><\/div><div class=\"wpforms-layout-row\"><div class=\"wpforms-layout-column wpforms-layout-column-100\"><div id=\"wpforms-87403-field_7-container\" class=\"wpforms-field wpforms-field-text\" data-field-id=\"7\"><label class=\"wpforms-field-label\" for=\"wpforms-87403-field_7\">Unternehmen <span class=\"wpforms-required-label\" aria-hidden=\"true\">*<\/span><\/label><input type=\"text\" id=\"wpforms-87403-field_7\" class=\"wpforms-field-large wpforms-field-required\" name=\"wpforms[fields][7]\" placeholder=\"Ihr Unternehmen\" aria-errormessage=\"wpforms-87403-field_7-error\" required><\/div><\/div><\/div><div class=\"wpforms-layout-row\"><div class=\"wpforms-layout-column wpforms-layout-column-100\"><div id=\"wpforms-87403-field_2-container\" class=\"wpforms-field wpforms-field-email\" data-field-id=\"2\"><label class=\"wpforms-field-label\" for=\"wpforms-87403-field_2\">E-Mail <span class=\"wpforms-required-label\" aria-hidden=\"true\">*<\/span><\/label><input type=\"email\" id=\"wpforms-87403-field_2\" class=\"wpforms-field-large wpforms-field-required\" name=\"wpforms[fields][2]\" placeholder=\"Ihre E-Mail-Adresse\" spellcheck=\"false\" aria-errormessage=\"wpforms-87403-field_2-error\" required><\/div><\/div><\/div><div class=\"wpforms-layout-row\"><div class=\"wpforms-layout-column wpforms-layout-column-100\"><div id=\"wpforms-87403-field_13-container\" class=\"wpforms-field wpforms-field-content legal-consent\" data-field-id=\"13\"><div id=\"wpforms-87403-field_13\" class=\"wpforms-field-large wpforms-field-row\" aria-errormessage=\"wpforms-87403-field_13-error\"><p>Hinweise zur Datenverarbeitung finden Sie in unseren <a rel=\"noopener\" target=\"_blank\" href=\"https:\/\/www.skaylink.com\/de\/datenschutzhinweise\/\">Datenschutzhinweisen<\/a>. Mit Klick auf \u201eAbsenden\u201c erlauben Sie uns, per E-Mail auf Ihre Anfrage zu reagieren.\u00ad<\/p>\n<div class=\"wpforms-field-content-display-frontend-clear\"><\/div><\/div><\/div><\/div><\/div><\/div><\/div><script>\n\t\t\t\t( function() {\n\t\t\t\t\tconst style = document.createElement( 'style' );\n\t\t\t\t\tstyle.appendChild( document.createTextNode( '#wpforms-87403-field_1-container { position: absolute !important; overflow: hidden !important; display: inline !important; height: 1px !important; width: 1px !important; z-index: -1000 !important; padding: 0 !important; } #wpforms-87403-field_1-container input { visibility: hidden; } #wpforms-conversational-form-page #wpforms-87403-field_1-container label { counter-increment: none; }' ) );\n\t\t\t\t\tdocument.head.appendChild( style );\n\t\t\t\t\tdocument.currentScript?.remove();\n\t\t\t\t} )();\n\t\t\t<\/script><\/div><!-- .wpforms-field-container --><div class=\"wpforms-submit-container\" ><input type=\"hidden\" name=\"wpforms[id]\" value=\"87403\"><input type=\"hidden\" name=\"page_title\" value=\"\"><input type=\"hidden\" name=\"page_url\" value=\"https:\/\/www.skaylink.com\/de\/wp-json\/wp\/v2\/pages\/74713\"><input type=\"hidden\" name=\"url_referer\" value=\"\"><button type=\"submit\" name=\"wpforms[submit]\" id=\"wpforms-submit-87403\" class=\"wpforms-submit\" data-alt-text=\"Sending...\" data-submit-text=\"Abschicken\" aria-live=\"assertive\" value=\"wpforms-submit\">Abschicken<\/button><img decoding=\"async\" src=\"https:\/\/www.skaylink.com\/wp-content\/plugins\/wpforms\/assets\/images\/submit-spin.svg\" class=\"wpforms-submit-spinner\" style=\"display: none;\" width=\"26\" height=\"26\" alt=\"Wird geladen\"><\/div><\/form><\/div>  <!-- .wpforms-container -->\t\t\t\t<\/div>\n\t\t\t\t<\/div>\n\t\t\t\t\t<\/div>\n\t\t\t\t<\/div>\n\t\t\t\t\t<\/div>\n\t\t\t\t<\/div>\n\t\t\t\t\t<\/div>\n\t\t\t\t<\/div>\n\t\t\t\t\t<\/div>\n\t\t\t\t<\/div>\n\t\t\t\t<\/div>\n\t\t","protected":false},"excerpt":{"rendered":"<p>Bereiten Sie sich auf die Zukunft der IT-Sicherheit vor und entdecken Sie, wie generative KI Ihr Unternehmen st\u00e4rken kann.<\/p>\n","protected":false},"author":34,"featured_media":74715,"parent":0,"menu_order":0,"comment_status":"closed","ping_status":"closed","template":"","meta":{"_acf_changed":false,"footnotes":""},"categories":[],"tags":[125,126],"class_list":["post-74713","page","type-page","status-publish","has-post-thumbnail","hentry","tag-microsoft","tag-security"],"acf":[],"_links":{"self":[{"href":"https:\/\/www.skaylink.com\/de\/wp-json\/wp\/v2\/pages\/74713","targetHints":{"allow":["GET"]}}],"collection":[{"href":"https:\/\/www.skaylink.com\/de\/wp-json\/wp\/v2\/pages"}],"about":[{"href":"https:\/\/www.skaylink.com\/de\/wp-json\/wp\/v2\/types\/page"}],"author":[{"embeddable":true,"href":"https:\/\/www.skaylink.com\/de\/wp-json\/wp\/v2\/users\/34"}],"replies":[{"embeddable":true,"href":"https:\/\/www.skaylink.com\/de\/wp-json\/wp\/v2\/comments?post=74713"}],"version-history":[{"count":53,"href":"https:\/\/www.skaylink.com\/de\/wp-json\/wp\/v2\/pages\/74713\/revisions"}],"predecessor-version":[{"id":87766,"href":"https:\/\/www.skaylink.com\/de\/wp-json\/wp\/v2\/pages\/74713\/revisions\/87766"}],"wp:featuredmedia":[{"embeddable":true,"href":"https:\/\/www.skaylink.com\/de\/wp-json\/wp\/v2\/media\/74715"}],"wp:attachment":[{"href":"https:\/\/www.skaylink.com\/de\/wp-json\/wp\/v2\/media?parent=74713"}],"wp:term":[{"taxonomy":"category","embeddable":true,"href":"https:\/\/www.skaylink.com\/de\/wp-json\/wp\/v2\/categories?post=74713"},{"taxonomy":"post_tag","embeddable":true,"href":"https:\/\/www.skaylink.com\/de\/wp-json\/wp\/v2\/tags?post=74713"}],"curies":[{"name":"wp","href":"https:\/\/api.w.org\/{rel}","templated":true}]}}