{"id":70436,"date":"2024-03-18T16:53:03","date_gmt":"2024-03-18T15:53:03","guid":{"rendered":"https:\/\/www.skaylink.com\/?page_id=70436"},"modified":"2026-01-20T17:50:04","modified_gmt":"2026-01-20T16:50:04","slug":"impressum","status":"publish","type":"page","link":"https:\/\/www.skaylink.com\/de\/impressum\/","title":{"rendered":"Impressum"},"content":{"rendered":"\t\t<div data-elementor-type=\"wp-page\" data-elementor-id=\"70436\" class=\"elementor elementor-70436 elementor-64065\" data-elementor-post-type=\"page\">\n\t\t\t\t<div class=\"elementor-element elementor-element-5877023b header-keyvisual-container e-flex e-con-boxed e-con e-parent\" data-id=\"5877023b\" data-element_type=\"container\" data-e-type=\"container\" data-settings=\"{&quot;background_background&quot;:&quot;classic&quot;}\">\n\t\t\t\t\t<div class=\"e-con-inner\">\n\t\t\t\t<div class=\"elementor-element elementor-element-48edad56 elementor-align-left elementor-widget elementor-widget-breadcrumbs\" data-id=\"48edad56\" data-element_type=\"widget\" data-e-type=\"widget\" data-widget_type=\"breadcrumbs.default\">\n\t\t\t\t<div class=\"elementor-widget-container\">\n\t\t\t\t\t<p id=\"breadcrumbs\"><span><span><a href=\"https:\/\/www.skaylink.com\/de\/\">Home<\/a><\/span><\/span><\/p>\t\t\t\t<\/div>\n\t\t\t\t<\/div>\n\t\t<div class=\"elementor-element elementor-element-7a371b15 e-con-full e-flex e-con e-child\" data-id=\"7a371b15\" data-element_type=\"container\" data-e-type=\"container\">\n\t\t<div class=\"elementor-element elementor-element-42589f5f header-keyvisual-content e-con-full e-flex e-con e-child\" data-id=\"42589f5f\" data-element_type=\"container\" data-e-type=\"container\" data-settings=\"{&quot;background_background&quot;:&quot;classic&quot;}\">\n\t\t\t\t<div class=\"elementor-element elementor-element-3ea7cb0c elementor-widget elementor-widget-image\" data-id=\"3ea7cb0c\" data-element_type=\"widget\" data-e-type=\"widget\" data-widget_type=\"image.default\">\n\t\t\t\t<div class=\"elementor-widget-container\">\n\t\t\t\t\t\t\t\t\t\t\t\t\t\t\t<img fetchpriority=\"high\" decoding=\"async\" width=\"828\" height=\"550\" src=\"https:\/\/www.skaylink.com\/wp-content\/uploads\/2023\/11\/placeholder-1.jpg\" class=\"attachment-full size-full wp-image-56150\" alt=\"\" srcset=\"https:\/\/www.skaylink.com\/wp-content\/uploads\/2023\/11\/placeholder-1.jpg 828w, https:\/\/www.skaylink.com\/wp-content\/uploads\/2023\/11\/placeholder-1-300x199.jpg 300w, https:\/\/www.skaylink.com\/wp-content\/uploads\/2023\/11\/placeholder-1-768x510.jpg 768w\" sizes=\"(max-width: 828px) 100vw, 828px\" \/>\t\t\t\t\t\t\t\t\t\t\t\t\t\t\t<\/div>\n\t\t\t\t<\/div>\n\t\t\t\t<\/div>\n\t\t<div class=\"elementor-element elementor-element-3c16583f e-con-full e-flex e-con e-child\" data-id=\"3c16583f\" data-element_type=\"container\" data-e-type=\"container\">\n\t\t\t\t<div class=\"elementor-element elementor-element-3a654b7e elementor-widget elementor-widget-heading\" data-id=\"3a654b7e\" data-element_type=\"widget\" data-e-type=\"widget\" data-widget_type=\"heading.default\">\n\t\t\t\t<div class=\"elementor-widget-container\">\n\t\t\t\t\t<h1 class=\"elementor-heading-title elementor-size-default\">Impressum<\/h1>\t\t\t\t<\/div>\n\t\t\t\t<\/div>\n\t\t\t\t<\/div>\n\t\t\t\t<\/div>\n\t\t\t\t\t<\/div>\n\t\t\t\t<\/div>\n\t\t<div class=\"elementor-element elementor-element-6c9c770 e-flex e-con-boxed e-con e-parent\" data-id=\"6c9c770\" data-element_type=\"container\" data-e-type=\"container\">\n\t\t\t\t\t<div class=\"e-con-inner\">\n\t\t<div class=\"elementor-element elementor-element-27011e86 e-con-full e-flex e-con e-child\" data-id=\"27011e86\" data-element_type=\"container\" data-e-type=\"container\">\n\t\t\t\t<div class=\"elementor-element elementor-element-1daf3e29 elementor-widget elementor-widget-text-editor\" data-id=\"1daf3e29\" data-element_type=\"widget\" data-e-type=\"widget\" data-widget_type=\"text-editor.default\">\n\t\t\t\t<div class=\"elementor-widget-container\">\n\t\t\t\t\t\t\t\t\t<h5>Diensteanbieter<\/h5>\n<p>Skaylink GmbH<\/p>\n<p>Parkring 29<\/p>\n<p>85748 Garching b. M\u00fcnchen<\/p>\n<p>Deutschland<\/p>\n<h5>Kontaktm\u00f6glichkeiten\u200b<\/h5>\n<p>E-Mail-Adresse: <a href=\"mailto:info@skaylink.com\">info@skaylink.com<\/a><\/p>\n<p>Beratung\/Sales: <a href=\"mailto:sales@skaylink.com\">sales@skaylink.com<\/a><\/p>\n<p>Telefon: <span class=\"TextRun SCXW214321421 BCX0\" lang=\"EN-US\" xml:lang=\"EN-US\" data-contrast=\"auto\"><span class=\"NormalTextRun SCXW214321421 BCX0\">+49 <\/span><span class=\"NormalTextRun SCXW214321421 BCX0\">89 <\/span><span class=\"NormalTextRun SCXW214321421 BCX0\">324756-0<\/span><\/span><span class=\"EOP SCXW214321421 BCX0\" data-ccp-props=\"{&quot;201341983&quot;:0,&quot;335559739&quot;:0,&quot;335559740&quot;:288}\">\u00a0<\/span><\/p>\n<p>Internet: <a href=\"http:\/\/www.skaylink.com\">www.skaylink.com<\/a><\/p>\n<p>Kontaktstelle gem\u00e4\u00df Verordnung (EU) 2021\/784 des Europ\u00e4ischen Parlaments und des Rates: E-Mail: <a href=\"mailto:tco@skaylink.com\">tco@skaylink.com<\/a><\/p>\n<p>Die Kontaktaufnahme ist in folgenden Sprachen m\u00f6glich: Deutsch, Englisch Diese E-Mail-Adresse ist ausschlie\u00dflich f\u00fcr die Kommunikation gem\u00e4\u00df Verordnung (EU) 2021\/784 bestimmt. Andere Anfragen werden nicht beantwortet.<\/p>\n<h5>Vertretungsberechtigte Vertretungsberechtigt:<\/h5>\n<p>Zoltan Bickel (COO), Frank Strecker (CEO), Bernd G Weber (CFO)<\/p>\n<h5><strong>Journalistisch-redaktionelle Angebote Inhaltlich verantwortlich:<\/strong><\/h5>\n<p>Oliver Queck<\/p>\n<h5>Angaben zum Unternehmen<\/h5>\n<p>Umsatzsteuer Identifikationsnummer (USt-ID): DE330020107<\/p>\n<h5>Register und Registernummer<\/h5>\n<p>Handelsregister Gef\u00fchrt bei: Amtsgericht M\u00fcnchen Nummer: HRB 253086<\/p>\n<h5>Bildnachweise<\/h5>\n<p>Bildquellen und Urheberrechtshinweise:<\/p>\n<p>EyeEm<\/p>\n<p>Unsplashed<\/p>\n<p>Getty Images<\/p>\n<p>Shutterstock<\/p>\n\t\t\t\t\t\t\t\t<\/div>\n\t\t\t\t<\/div>\n\t\t\t\t<\/div>\n\t\t\t\t\t<\/div>\n\t\t\t\t<\/div>\n\t\t\t\t<\/div>\n\t\t","protected":false},"excerpt":{"rendered":"<p>Impressum Diensteanbieter Skaylink GmbH Parkring 29 85748 Garching b. M\u00fcnchen Deutschland Kontaktm\u00f6glichkeiten\u200b E-Mail-Adresse: info@skaylink.com Beratung\/Sales: sales@skaylink.com Telefon: +49 89 324756-0\u00a0 Internet: www.skaylink.com Kontaktstelle gem\u00e4\u00df Verordnung (EU) 2021\/784 des Europ\u00e4ischen Parlaments und des Rates: E-Mail: tco@skaylink.com Die Kontaktaufnahme ist in folgenden Sprachen m\u00f6glich: Deutsch, Englisch Diese E-Mail-Adresse ist ausschlie\u00dflich f\u00fcr die Kommunikation gem\u00e4\u00df Verordnung (EU) 2021\/784 [&hellip;]<\/p>\n","protected":false},"author":23,"featured_media":0,"parent":0,"menu_order":0,"comment_status":"closed","ping_status":"closed","template":"","meta":{"_acf_changed":false,"footnotes":""},"categories":[],"tags":[],"class_list":["post-70436","page","type-page","status-publish","hentry"],"acf":[],"_links":{"self":[{"href":"https:\/\/www.skaylink.com\/de\/wp-json\/wp\/v2\/pages\/70436","targetHints":{"allow":["GET"]}}],"collection":[{"href":"https:\/\/www.skaylink.com\/de\/wp-json\/wp\/v2\/pages"}],"about":[{"href":"https:\/\/www.skaylink.com\/de\/wp-json\/wp\/v2\/types\/page"}],"author":[{"embeddable":true,"href":"https:\/\/www.skaylink.com\/de\/wp-json\/wp\/v2\/users\/23"}],"replies":[{"embeddable":true,"href":"https:\/\/www.skaylink.com\/de\/wp-json\/wp\/v2\/comments?post=70436"}],"version-history":[{"count":23,"href":"https:\/\/www.skaylink.com\/de\/wp-json\/wp\/v2\/pages\/70436\/revisions"}],"predecessor-version":[{"id":91231,"href":"https:\/\/www.skaylink.com\/de\/wp-json\/wp\/v2\/pages\/70436\/revisions\/91231"}],"wp:attachment":[{"href":"https:\/\/www.skaylink.com\/de\/wp-json\/wp\/v2\/media?parent=70436"}],"wp:term":[{"taxonomy":"category","embeddable":true,"href":"https:\/\/www.skaylink.com\/de\/wp-json\/wp\/v2\/categories?post=70436"},{"taxonomy":"post_tag","embeddable":true,"href":"https:\/\/www.skaylink.com\/de\/wp-json\/wp\/v2\/tags?post=70436"}],"curies":[{"name":"wp","href":"https:\/\/api.w.org\/{rel}","templated":true}]}}