{"id":68647,"date":"2024-03-15T15:04:46","date_gmt":"2024-03-15T14:04:46","guid":{"rendered":"https:\/\/www.skaylink.com\/?page_id=68647"},"modified":"2025-09-30T16:50:50","modified_gmt":"2025-09-30T14:50:50","slug":"container-kubernetes","status":"publish","type":"page","link":"https:\/\/www.skaylink.com\/de\/cloud-infrastruktur\/container-kubernetes\/","title":{"rendered":"Container &#038; Kubernetes"},"content":{"rendered":"\t\t<div data-elementor-type=\"wp-page\" data-elementor-id=\"68647\" class=\"elementor elementor-68647 elementor-60779\" data-elementor-post-type=\"page\">\n\t\t\t\t<div class=\"elementor-element elementor-element-722462bc header-keyvisual-container e-flex e-con-boxed e-con e-parent\" data-id=\"722462bc\" data-element_type=\"container\" data-e-type=\"container\" data-settings=\"{&quot;background_background&quot;:&quot;classic&quot;}\">\n\t\t\t\t\t<div class=\"e-con-inner\">\n\t\t\t\t<div class=\"elementor-element elementor-element-2c58125e elementor-align-left elementor-widget elementor-widget-breadcrumbs\" data-id=\"2c58125e\" data-element_type=\"widget\" data-e-type=\"widget\" data-widget_type=\"breadcrumbs.default\">\n\t\t\t\t<div class=\"elementor-widget-container\">\n\t\t\t\t\t<p id=\"breadcrumbs\"><span><span><a href=\"https:\/\/www.skaylink.com\/de\/\">Home<\/a><\/span><\/span><\/p>\t\t\t\t<\/div>\n\t\t\t\t<\/div>\n\t\t<div class=\"elementor-element elementor-element-2a34c3b7 e-con-full e-flex e-con e-child\" data-id=\"2a34c3b7\" data-element_type=\"container\" data-e-type=\"container\">\n\t\t<div class=\"elementor-element elementor-element-fef5fe0 header-keyvisual-content e-con-full e-flex e-con e-child\" data-id=\"fef5fe0\" data-element_type=\"container\" data-e-type=\"container\" data-settings=\"{&quot;background_background&quot;:&quot;classic&quot;}\">\n\t\t\t\t<div class=\"elementor-element elementor-element-5028e53b elementor-widget elementor-widget-image\" data-id=\"5028e53b\" data-element_type=\"widget\" data-e-type=\"widget\" data-widget_type=\"image.default\">\n\t\t\t\t<div class=\"elementor-widget-container\">\n\t\t\t\t\t\t\t\t\t\t\t\t\t\t\t<img fetchpriority=\"high\" decoding=\"async\" width=\"828\" height=\"550\" src=\"https:\/\/www.skaylink.com\/wp-content\/uploads\/2024\/02\/cloud_infrastructure_dock.jpg\" class=\"attachment-full size-full wp-image-60512\" alt=\"\" srcset=\"https:\/\/www.skaylink.com\/wp-content\/uploads\/2024\/02\/cloud_infrastructure_dock.jpg 828w, https:\/\/www.skaylink.com\/wp-content\/uploads\/2024\/02\/cloud_infrastructure_dock-300x199.jpg 300w, https:\/\/www.skaylink.com\/wp-content\/uploads\/2024\/02\/cloud_infrastructure_dock-768x510.jpg 768w\" sizes=\"(max-width: 828px) 100vw, 828px\" \/>\t\t\t\t\t\t\t\t\t\t\t\t\t\t\t<\/div>\n\t\t\t\t<\/div>\n\t\t\t\t<\/div>\n\t\t<div class=\"elementor-element elementor-element-476152a5 e-con-full e-flex e-con e-child\" data-id=\"476152a5\" data-element_type=\"container\" data-e-type=\"container\">\n\t\t\t\t<div class=\"elementor-element elementor-element-569cf6a4 elementor-widget elementor-widget-text-editor\" data-id=\"569cf6a4\" data-element_type=\"widget\" data-e-type=\"widget\" data-widget_type=\"text-editor.default\">\n\t\t\t\t<div class=\"elementor-widget-container\">\n\t\t\t\t\t\t\t\t\t<p>Container &amp; Kubernetes<\/p>\n\t\t\t\t\t\t\t\t<\/div>\n\t\t\t\t<\/div>\n\t\t\t\t<div class=\"elementor-element elementor-element-7306c0a0 elementor-widget elementor-widget-heading\" data-id=\"7306c0a0\" data-element_type=\"widget\" data-e-type=\"widget\" data-widget_type=\"heading.default\">\n\t\t\t\t<div class=\"elementor-widget-container\">\n\t\t\t\t\t<h1 class=\"elementor-heading-title elementor-size-default\">Innovationskraft entfesseln mit Containern und Kubernetes<\/h1>\t\t\t\t<\/div>\n\t\t\t\t<\/div>\n\t\t\t\t<div class=\"elementor-element elementor-element-361cec5e elementor-widget elementor-widget-text-editor\" data-id=\"361cec5e\" data-element_type=\"widget\" data-e-type=\"widget\" data-widget_type=\"text-editor.default\">\n\t\t\t\t<div class=\"elementor-widget-container\">\n\t\t\t\t\t\t\t\t\t<p>Container und Kubernetes haben eine Revolution angesto\u00dfen, was das Entwickeln, Bereitstellen und Verwalten von Anwendungen angeht. Zusammen wirken sich diese Technologien positiv auf die Skalierbarkeit, Effizienz und Anpassbarkeit aus \u2013 durch flexiblere Entwicklung und portable Bereitstellung.<\/p>\n\t\t\t\t\t\t\t\t<\/div>\n\t\t\t\t<\/div>\n\t\t\t\t<\/div>\n\t\t\t\t<\/div>\n\t\t\t\t\t<\/div>\n\t\t\t\t<\/div>\n\t\t<div class=\"elementor-element elementor-element-196cade6 e-flex e-con-boxed e-con e-parent\" data-id=\"196cade6\" data-element_type=\"container\" data-e-type=\"container\">\n\t\t\t\t\t<div class=\"e-con-inner\">\n\t\t<div class=\"elementor-element elementor-element-17b1e03d e-con-full e-flex e-con e-child\" data-id=\"17b1e03d\" data-element_type=\"container\" data-e-type=\"container\">\n\t\t\t\t<div class=\"elementor-element elementor-element-2c1e26b1 elementor-widget elementor-widget-heading\" data-id=\"2c1e26b1\" data-element_type=\"widget\" data-e-type=\"widget\" data-widget_type=\"heading.default\">\n\t\t\t\t<div class=\"elementor-widget-container\">\n\t\t\t\t\t<h3 class=\"elementor-heading-title elementor-size-default\">Container<\/h3>\t\t\t\t<\/div>\n\t\t\t\t<\/div>\n\t\t\t\t<div class=\"elementor-element elementor-element-29495b09 elementor-widget elementor-widget-text-editor\" data-id=\"29495b09\" data-element_type=\"widget\" data-e-type=\"widget\" data-widget_type=\"text-editor.default\">\n\t\t\t\t<div class=\"elementor-widget-container\">\n\t\t\t\t\t\t\t\t\t<p>Container funktionieren wie ein virtuelles Betriebssystem, auf dem Anwendungen jeder Gr\u00f6\u00dfe ausgef\u00fchrt werden k\u00f6nnen, von <a href=\"https:\/\/www.skaylink.com\/de\/application-innovation\/microservices\/\">Microservices<\/a> bis hin zu gro\u00dfen L\u00f6sungen. Der Container enth\u00e4lt den gesamten Code, alle ausf\u00fchrbaren Dateien, Bibliotheken und Konfigurationsdateien. Im Gegensatz zu herk\u00f6mmlichen Servern oder virtuellen Maschinen enthalten Container jedoch kein vollst\u00e4ndiges Betriebssystem.<\/p><p>Der gro\u00dfe Vorteil: Container trennen Anwendungen sauber voneinander und vom Host-System. Dies erm\u00f6glicht eine schnellere Bereitstellung und eine einfachere Skalierung im Vergleich zur Virtualisierung.<\/p>\t\t\t\t\t\t\t\t<\/div>\n\t\t\t\t<\/div>\n\t\t\t\t<\/div>\n\t\t\t\t\t<\/div>\n\t\t\t\t<\/div>\n\t\t<div class=\"elementor-element elementor-element-51f21d13 e-flex e-con-boxed e-con e-parent\" data-id=\"51f21d13\" data-element_type=\"container\" data-e-type=\"container\">\n\t\t\t\t\t<div class=\"e-con-inner\">\n\t\t<div class=\"elementor-element elementor-element-14d362b e-flex e-con-boxed e-con e-child\" data-id=\"14d362b\" data-element_type=\"container\" data-e-type=\"container\">\n\t\t\t\t\t<div class=\"e-con-inner\">\n\t\t<div class=\"elementor-element elementor-element-5c37e2c e-con-full e-flex e-con e-child\" data-id=\"5c37e2c\" data-element_type=\"container\" data-e-type=\"container\" data-settings=\"{&quot;background_background&quot;:&quot;classic&quot;}\">\n\t\t\t\t<\/div>\n\t\t<div class=\"elementor-element elementor-element-ba2f1be e-con-full e-flex e-con e-child\" data-id=\"ba2f1be\" data-element_type=\"container\" data-e-type=\"container\" data-settings=\"{&quot;background_background&quot;:&quot;classic&quot;}\">\n\t\t\t\t<div class=\"elementor-element elementor-element-008125c elementor-widget elementor-widget-heading\" data-id=\"008125c\" data-element_type=\"widget\" data-e-type=\"widget\" data-widget_type=\"heading.default\">\n\t\t\t\t<div class=\"elementor-widget-container\">\n\t\t\t\t\t<h4 class=\"elementor-heading-title elementor-size-default\">Docker<\/h4>\t\t\t\t<\/div>\n\t\t\t\t<\/div>\n\t\t\t\t<div class=\"elementor-element elementor-element-b201481 elementor-widget elementor-widget-text-editor\" data-id=\"b201481\" data-element_type=\"widget\" data-e-type=\"widget\" data-widget_type=\"text-editor.default\">\n\t\t\t\t<div class=\"elementor-widget-container\">\n\t\t\t\t\t\t\t\t\t<p>Die Open-Source-Plattform Docker erleichtert das Einrichten, Skalieren und Verwalten von containerisierten Anwendungen. Das funktioniert f\u00fcr Standalone-Webserver genauso wie f\u00fcr komplexe cloudbasierte L\u00f6sungen. Einzelne Container lassen sich mit Docker von der Entwicklung bis zur Au\u00dferbetriebnahme bequem verwalten.<\/p>\n\t\t\t\t\t\t\t\t<\/div>\n\t\t\t\t<\/div>\n\t\t\t\t<\/div>\n\t\t\t\t\t<\/div>\n\t\t\t\t<\/div>\n\t\t\t\t\t<\/div>\n\t\t\t\t<\/div>\n\t\t<div class=\"elementor-element elementor-element-41ea271 e-flex e-con-boxed e-con e-parent\" data-id=\"41ea271\" data-element_type=\"container\" data-e-type=\"container\">\n\t\t\t\t\t<div class=\"e-con-inner\">\n\t\t<div class=\"elementor-element elementor-element-72bfadf e-flex e-con-boxed e-con e-child\" data-id=\"72bfadf\" data-element_type=\"container\" data-e-type=\"container\">\n\t\t\t\t\t<div class=\"e-con-inner\">\n\t\t<div class=\"elementor-element elementor-element-a96d153 e-con-full e-flex e-con e-child\" data-id=\"a96d153\" data-element_type=\"container\" data-e-type=\"container\" data-settings=\"{&quot;background_background&quot;:&quot;classic&quot;}\">\n\t\t\t\t<\/div>\n\t\t<div class=\"elementor-element elementor-element-a7bcccf e-con-full e-flex e-con e-child\" data-id=\"a7bcccf\" data-element_type=\"container\" data-e-type=\"container\" data-settings=\"{&quot;background_background&quot;:&quot;classic&quot;}\">\n\t\t\t\t<div class=\"elementor-element elementor-element-fcc1bbe elementor-widget elementor-widget-heading\" data-id=\"fcc1bbe\" data-element_type=\"widget\" data-e-type=\"widget\" data-widget_type=\"heading.default\">\n\t\t\t\t<div class=\"elementor-widget-container\">\n\t\t\t\t\t<h4 class=\"elementor-heading-title elementor-size-default\">Kubernetes<\/h4>\t\t\t\t<\/div>\n\t\t\t\t<\/div>\n\t\t\t\t<div class=\"elementor-element elementor-element-4e10762 elementor-widget elementor-widget-text-editor\" data-id=\"4e10762\" data-element_type=\"widget\" data-e-type=\"widget\" data-widget_type=\"text-editor.default\">\n\t\t\t\t<div class=\"elementor-widget-container\">\n\t\t\t\t\t\t\t\t\t<p>Kubernetes, auch K8s genannt, ist eine weitere leistungsstarke Open-Source-Orchestrierungsplattform, mit der sich Container einrichten, vergr\u00f6\u00dfern und verwalten lassen. Kubernetes-Cluster eignen sich perfekt f\u00fcr gro\u00dfe Setups, die sich \u00fcber mehrere Computer, \u00fcber Public oder Private Clouds oder eine Kombination aus beidem erstrecken. F\u00fcr cloudnative Anwendungen, die schnell skaliert werden m\u00fcssen \u2013 zum Beispiel beim Echtzeit-Streaming \u00fcber Apache Kafka \u2013 ist Kubernetes die Plattform der Wahl.<\/p>\n\t\t\t\t\t\t\t\t<\/div>\n\t\t\t\t<\/div>\n\t\t\t\t<\/div>\n\t\t\t\t\t<\/div>\n\t\t\t\t<\/div>\n\t\t\t\t\t<\/div>\n\t\t\t\t<\/div>\n\t\t<div class=\"elementor-element elementor-element-14fbce0 e-flex e-con-boxed e-con e-parent\" data-id=\"14fbce0\" data-element_type=\"container\" data-e-type=\"container\">\n\t\t\t\t\t<div class=\"e-con-inner\">\n\t\t<div class=\"elementor-element elementor-element-ee5cf00 e-con-full e-flex e-con e-child\" data-id=\"ee5cf00\" data-element_type=\"container\" data-e-type=\"container\">\n\t\t\t\t<div class=\"elementor-element elementor-element-4ba1036 elementor-widget elementor-widget-heading\" data-id=\"4ba1036\" data-element_type=\"widget\" data-e-type=\"widget\" data-widget_type=\"heading.default\">\n\t\t\t\t<div class=\"elementor-widget-container\">\n\t\t\t\t\t<h3 class=\"elementor-heading-title elementor-size-default\">Docker und Kubernetes Hand in Hand<\/h3>\t\t\t\t<\/div>\n\t\t\t\t<\/div>\n\t\t\t\t<div class=\"elementor-element elementor-element-c97774d elementor-widget elementor-widget-text-editor\" data-id=\"c97774d\" data-element_type=\"widget\" data-e-type=\"widget\" data-widget_type=\"text-editor.default\">\n\t\t\t\t<div class=\"elementor-widget-container\">\n\t\t\t\t\t\t\t\t\t<p>Docker ist eine hervorragende L\u00f6sung, um einzelne Container zu verwalten, w\u00e4hrend Kubernetes beim Verwalten von Container-Clustern gl\u00e4nzt. Die gute Nachricht? Sie k\u00f6nnen problemlos beide gleichzeitig einsetzen. Gemeinsam sind sie sogar noch st\u00e4rker.<\/p>\n<p>Kurz gesagt: Anwendungen und ihre Umgebungen lassen sich in Containern einfach verpacken und bereitstellen. Um diese Container dann zu Clustern zusammenzufassen und zu verwalten, setzen wir Kubernetes ein, das daf\u00fcr den entsprechenden Rahmen bietet.<\/p>\n<p>Diese Vorgehensweise erleben Entwickler*innen und Unternehmen als regelrecht befreiend. Wer sie einmal ausprobiert hat, kehrt nie wieder zum herk\u00f6mmlichen Entwickeln, Bereitstellen und Verwalten von Anwendungen zur\u00fcck.<\/p>\n\t\t\t\t\t\t\t\t<\/div>\n\t\t\t\t<\/div>\n\t\t\t\t<\/div>\n\t\t\t\t\t<\/div>\n\t\t\t\t<\/div>\n\t\t<div class=\"elementor-element elementor-element-5ed716fd e-flex e-con-boxed e-con e-parent\" data-id=\"5ed716fd\" data-element_type=\"container\" data-e-type=\"container\" data-settings=\"{&quot;background_background&quot;:&quot;classic&quot;}\">\n\t\t\t\t\t<div class=\"e-con-inner\">\n\t\t<div class=\"elementor-element elementor-element-72f9889b e-flex e-con-boxed e-con e-child\" data-id=\"72f9889b\" data-element_type=\"container\" data-e-type=\"container\" data-settings=\"{&quot;background_background&quot;:&quot;classic&quot;}\">\n\t\t\t\t\t<div class=\"e-con-inner\">\n\t\t<div class=\"elementor-element elementor-element-78c2b646 e-con-full e-flex e-con e-child\" data-id=\"78c2b646\" data-element_type=\"container\" data-e-type=\"container\">\n\t\t\t\t<div class=\"elementor-element elementor-element-69786a73 elementor-widget elementor-widget-heading\" data-id=\"69786a73\" data-element_type=\"widget\" data-e-type=\"widget\" data-widget_type=\"heading.default\">\n\t\t\t\t<div class=\"elementor-widget-container\">\n\t\t\t\t\t<h3 class=\"elementor-heading-title elementor-size-default\">Vorteile von Containern &amp; Kubernetes<\/h3>\t\t\t\t<\/div>\n\t\t\t\t<\/div>\n\t\t\t\t<\/div>\n\t\t<div class=\"elementor-element elementor-element-fee9175 e-con-full e-grid e-con e-child\" data-id=\"fee9175\" data-element_type=\"container\" data-e-type=\"container\">\n\t\t<div class=\"elementor-element elementor-element-67fbce49 e-con-full e-flex e-con e-child\" data-id=\"67fbce49\" data-element_type=\"container\" data-e-type=\"container\">\n\t\t\t\t<div class=\"elementor-element elementor-element-1420a45 elementor-widget__width-initial elementor-view-default elementor-widget elementor-widget-icon\" data-id=\"1420a45\" data-element_type=\"widget\" data-e-type=\"widget\" data-widget_type=\"icon.default\">\n\t\t\t\t<div class=\"elementor-widget-container\">\n\t\t\t\t\t\t\t<div class=\"elementor-icon-wrapper\">\n\t\t\t<div class=\"elementor-icon elementor-animation-grow\">\n\t\t\t<i aria-hidden=\"true\" class=\"skaylinkcontent-icon- skaylink-content-icon-portability\"><\/i>\t\t\t<\/div>\n\t\t<\/div>\n\t\t\t\t\t\t<\/div>\n\t\t\t\t<\/div>\n\t\t\t\t<div class=\"elementor-element elementor-element-52c858fe elementor-widget elementor-widget-text-editor\" data-id=\"52c858fe\" data-element_type=\"widget\" data-e-type=\"widget\" data-widget_type=\"text-editor.default\">\n\t\t\t\t<div class=\"elementor-widget-container\">\n\t\t\t\t\t\t\t\t\t<p>Portabilit\u00e4t und Konsistenz<\/p>\n\t\t\t\t\t\t\t\t<\/div>\n\t\t\t\t<\/div>\n\t\t\t\t<div class=\"elementor-element elementor-element-1eab7e48 elementor-widget elementor-widget-text-editor\" data-id=\"1eab7e48\" data-element_type=\"widget\" data-e-type=\"widget\" data-widget_type=\"text-editor.default\">\n\t\t\t\t<div class=\"elementor-widget-container\">\n\t\t\t\t\t\t\t\t\t<p>Ihre Anwendungen laufen immer, wie sie sollen, egal in welcher Umgebung. Schluss mit \u201eAber bei mir sieht das anders aus\u201c!<\/p>\n\t\t\t\t\t\t\t\t<\/div>\n\t\t\t\t<\/div>\n\t\t\t\t<\/div>\n\t\t<div class=\"elementor-element elementor-element-adab4bc e-con-full e-flex e-con e-child\" data-id=\"adab4bc\" data-element_type=\"container\" data-e-type=\"container\">\n\t\t\t\t<div class=\"elementor-element elementor-element-ce9e7b5 elementor-widget__width-initial elementor-view-default elementor-widget elementor-widget-icon\" data-id=\"ce9e7b5\" data-element_type=\"widget\" data-e-type=\"widget\" data-widget_type=\"icon.default\">\n\t\t\t\t<div class=\"elementor-widget-container\">\n\t\t\t\t\t\t\t<div class=\"elementor-icon-wrapper\">\n\t\t\t<div class=\"elementor-icon elementor-animation-grow\">\n\t\t\t<i aria-hidden=\"true\" class=\"skaylinkcontent-icon- skaylink-content-icon-scale\"><\/i>\t\t\t<\/div>\n\t\t<\/div>\n\t\t\t\t\t\t<\/div>\n\t\t\t\t<\/div>\n\t\t\t\t<div class=\"elementor-element elementor-element-9a97bfe elementor-widget elementor-widget-text-editor\" data-id=\"9a97bfe\" data-element_type=\"widget\" data-e-type=\"widget\" data-widget_type=\"text-editor.default\">\n\t\t\t\t<div class=\"elementor-widget-container\">\n\t\t\t\t\t\t\t\t\t<p>Skalierbarkeit und Effizienz<\/p>\n\t\t\t\t\t\t\t\t<\/div>\n\t\t\t\t<\/div>\n\t\t\t\t<div class=\"elementor-element elementor-element-3dfe7ac elementor-widget elementor-widget-text-editor\" data-id=\"3dfe7ac\" data-element_type=\"widget\" data-e-type=\"widget\" data-widget_type=\"text-editor.default\">\n\t\t\t\t<div class=\"elementor-widget-container\">\n\t\t\t\t\t\t\t\t\t<p>Mit Kubernetes lassen sich Ihre Anwendungen nach Bedarf flexibel hoch- und herunterskalieren. Die Ressourcennutzung wird f\u00fcr schwankende Lasten optimiert.<\/p>\n\t\t\t\t\t\t\t\t<\/div>\n\t\t\t\t<\/div>\n\t\t\t\t<\/div>\n\t\t<div class=\"elementor-element elementor-element-2745d554 e-con-full e-flex e-con e-child\" data-id=\"2745d554\" data-element_type=\"container\" data-e-type=\"container\">\n\t\t\t\t<div class=\"elementor-element elementor-element-16befd9 elementor-widget__width-initial elementor-view-default elementor-widget elementor-widget-icon\" data-id=\"16befd9\" data-element_type=\"widget\" data-e-type=\"widget\" data-widget_type=\"icon.default\">\n\t\t\t\t<div class=\"elementor-widget-container\">\n\t\t\t\t\t\t\t<div class=\"elementor-icon-wrapper\">\n\t\t\t<div class=\"elementor-icon elementor-animation-grow\">\n\t\t\t<i aria-hidden=\"true\" class=\"skaylinkcontent-icon- skaylink-content-icon-time\"><\/i>\t\t\t<\/div>\n\t\t<\/div>\n\t\t\t\t\t\t<\/div>\n\t\t\t\t<\/div>\n\t\t\t\t<div class=\"elementor-element elementor-element-245ae431 elementor-widget elementor-widget-text-editor\" data-id=\"245ae431\" data-element_type=\"widget\" data-e-type=\"widget\" data-widget_type=\"text-editor.default\">\n\t\t\t\t<div class=\"elementor-widget-container\">\n\t\t\t\t\t\t\t\t\t<p>Leichtgewichtig und schnell<\/p>\n\t\t\t\t\t\t\t\t<\/div>\n\t\t\t\t<\/div>\n\t\t\t\t<div class=\"elementor-element elementor-element-496a321c elementor-widget elementor-widget-text-editor\" data-id=\"496a321c\" data-element_type=\"widget\" data-e-type=\"widget\" data-widget_type=\"text-editor.default\">\n\t\t\t\t<div class=\"elementor-widget-container\">\n\t\t\t\t\t\t\t\t\t<p>Container teilen sich den gleichen Betriebssystem-Kernel. Das ist sehr effektiv und sorgt f\u00fcr schnelleres Starten, weniger Ressourcenbedarf und eine reibungslose Bereitstellung.<\/p>\n\t\t\t\t\t\t\t\t<\/div>\n\t\t\t\t<\/div>\n\t\t\t\t<\/div>\n\t\t<div class=\"elementor-element elementor-element-23987464 e-con-full e-flex e-con e-child\" data-id=\"23987464\" data-element_type=\"container\" data-e-type=\"container\">\n\t\t\t\t<div class=\"elementor-element elementor-element-29d7ad6 elementor-widget__width-initial elementor-view-default elementor-widget elementor-widget-icon\" data-id=\"29d7ad6\" data-element_type=\"widget\" data-e-type=\"widget\" data-widget_type=\"icon.default\">\n\t\t\t\t<div class=\"elementor-widget-container\">\n\t\t\t\t\t\t\t<div class=\"elementor-icon-wrapper\">\n\t\t\t<div class=\"elementor-icon elementor-animation-grow\">\n\t\t\t<i aria-hidden=\"true\" class=\"skaylinkcontent-icon- skaylink-content-icon-recover\"><\/i>\t\t\t<\/div>\n\t\t<\/div>\n\t\t\t\t\t\t<\/div>\n\t\t\t\t<\/div>\n\t\t\t\t<div class=\"elementor-element elementor-element-5fdb58ad elementor-widget elementor-widget-text-editor\" data-id=\"5fdb58ad\" data-element_type=\"widget\" data-e-type=\"widget\" data-widget_type=\"text-editor.default\">\n\t\t\t\t<div class=\"elementor-widget-container\">\n\t\t\t\t\t\t\t\t\t<p>Zuverl\u00e4ssigkeit und Wiederherstellbarkeit<\/p>\n\t\t\t\t\t\t\t\t<\/div>\n\t\t\t\t<\/div>\n\t\t\t\t<div class=\"elementor-element elementor-element-53a45335 elementor-widget elementor-widget-text-editor\" data-id=\"53a45335\" data-element_type=\"widget\" data-e-type=\"widget\" data-widget_type=\"text-editor.default\">\n\t\t\t\t<div class=\"elementor-widget-container\">\n\t\t\t\t\t\t\t\t\t<p>Durch die eingebaute Fehlertoleranz gew\u00e4hrleistet Kubernetes schnelle Wiederherstellung und damit maximale Zuverl\u00e4ssigkeit: F\u00e4llt ein Container aus, behebt Kubernetes das Problem automatisch.<\/p>\n\t\t\t\t\t\t\t\t<\/div>\n\t\t\t\t<\/div>\n\t\t\t\t<\/div>\n\t\t<div class=\"elementor-element elementor-element-3ab2113b e-con-full e-flex e-con e-child\" data-id=\"3ab2113b\" data-element_type=\"container\" data-e-type=\"container\">\n\t\t\t\t<div class=\"elementor-element elementor-element-fe670c1 elementor-widget__width-initial elementor-view-default elementor-widget elementor-widget-icon\" data-id=\"fe670c1\" data-element_type=\"widget\" data-e-type=\"widget\" data-widget_type=\"icon.default\">\n\t\t\t\t<div class=\"elementor-widget-container\">\n\t\t\t\t\t\t\t<div class=\"elementor-icon-wrapper\">\n\t\t\t<div class=\"elementor-icon elementor-animation-grow\">\n\t\t\t<i aria-hidden=\"true\" class=\"skaylinkcontent-icon- skaylink-content-icon-adjust\"><\/i>\t\t\t<\/div>\n\t\t<\/div>\n\t\t\t\t\t\t<\/div>\n\t\t\t\t<\/div>\n\t\t\t\t<div class=\"elementor-element elementor-element-467b1dcb elementor-widget elementor-widget-text-editor\" data-id=\"467b1dcb\" data-element_type=\"widget\" data-e-type=\"widget\" data-widget_type=\"text-editor.default\">\n\t\t\t\t<div class=\"elementor-widget-container\">\n\t\t\t\t\t\t\t\t\t<p>Deklarative Konfiguration<\/p>\n\t\t\t\t\t\t\t\t<\/div>\n\t\t\t\t<\/div>\n\t\t\t\t<div class=\"elementor-element elementor-element-305b437b elementor-widget elementor-widget-text-editor\" data-id=\"305b437b\" data-element_type=\"widget\" data-e-type=\"widget\" data-widget_type=\"text-editor.default\">\n\t\t\t\t<div class=\"elementor-widget-container\">\n\t\t\t\t\t\t\t\t\t<p>Sie legen fest, wie Ihre Anwendung sich verhalten soll, und Kubernetes passt alles entsprechend an.<\/p>\n\t\t\t\t\t\t\t\t<\/div>\n\t\t\t\t<\/div>\n\t\t\t\t<\/div>\n\t\t\t\t<\/div>\n\t\t\t\t\t<\/div>\n\t\t\t\t<\/div>\n\t\t\t\t\t<\/div>\n\t\t\t\t<\/div>\n\t\t<div class=\"elementor-element elementor-element-a50f46a e-flex e-con-boxed e-con e-parent\" data-id=\"a50f46a\" data-element_type=\"container\" data-e-type=\"container\">\n\t\t\t\t\t<div class=\"e-con-inner\">\n\t\t<div class=\"elementor-element elementor-element-79493554 e-flex e-con-boxed e-con e-child\" data-id=\"79493554\" data-element_type=\"container\" data-e-type=\"container\" data-settings=\"{&quot;background_background&quot;:&quot;classic&quot;}\">\n\t\t\t\t\t<div class=\"e-con-inner\">\n\t\t\t\t<div class=\"elementor-element elementor-element-5cbf8991 elementor-widget elementor-widget-heading\" data-id=\"5cbf8991\" data-element_type=\"widget\" data-e-type=\"widget\" data-widget_type=\"heading.default\">\n\t\t\t\t<div class=\"elementor-widget-container\">\n\t\t\t\t\t<h5 class=\"elementor-heading-title elementor-size-default\">Auch so gespannt wie wir?<\/h5>\t\t\t\t<\/div>\n\t\t\t\t<\/div>\n\t\t\t\t<div class=\"elementor-element elementor-element-271f006e elementor-widget elementor-widget-text-editor\" data-id=\"271f006e\" data-element_type=\"widget\" data-e-type=\"widget\" data-widget_type=\"text-editor.default\">\n\t\t\t\t<div class=\"elementor-widget-container\">\n\t\t\t\t\t\t\t\t\t<p>Sie haben jetzt jede Menge \u00fcber die Vorteile von Containern und Kubernetes gelesen \u2013 und k\u00f6nnen es sicher gar nicht abwarten, diese Technologie einzusetzen. Wir freuen uns darauf, Ihnen dabei zu helfen!<\/p>\n\t\t\t\t\t\t\t\t<\/div>\n\t\t\t\t<\/div>\n\t\t\t\t<div class=\"elementor-element elementor-element-798ea706 elementor-widget elementor-widget-button\" data-id=\"798ea706\" data-element_type=\"widget\" data-e-type=\"widget\" data-widget_type=\"button.default\">\n\t\t\t\t<div class=\"elementor-widget-container\">\n\t\t\t\t\t\t\t\t\t<div class=\"elementor-button-wrapper\">\n\t\t\t\t\t<a class=\"elementor-button elementor-button-link elementor-size-sm\" href=\"https:\/\/www.skaylink.com\/de\/kontakt\/\">\n\t\t\t\t\t\t<span class=\"elementor-button-content-wrapper\">\n\t\t\t\t\t\t<span class=\"elementor-button-icon\">\n\t\t\t\t<i aria-hidden=\"true\" class=\"skaylinkicon- skaylink-icon-arrow\"><\/i>\t\t\t<\/span>\n\t\t\t\t\t\t\t\t\t<span class=\"elementor-button-text\">Kontaktieren Sie uns<\/span>\n\t\t\t\t\t<\/span>\n\t\t\t\t\t<\/a>\n\t\t\t\t<\/div>\n\t\t\t\t\t\t\t\t<\/div>\n\t\t\t\t<\/div>\n\t\t\t\t\t<\/div>\n\t\t\t\t<\/div>\n\t\t\t\t\t<\/div>\n\t\t\t\t<\/div>\n\t\t\t\t<\/div>\n\t\t","protected":false},"excerpt":{"rendered":"<p>Container &amp; Kubernetes Innovationskraft entfesseln mit Containern und Kubernetes Container und Kubernetes haben eine Revolution angesto\u00dfen, was das Entwickeln, Bereitstellen und Verwalten von Anwendungen angeht. Zusammen wirken sich diese Technologien positiv auf die Skalierbarkeit, Effizienz und Anpassbarkeit aus \u2013 durch flexiblere Entwicklung und portable Bereitstellung. Container Container funktionieren wie ein virtuelles Betriebssystem, auf dem Anwendungen [&hellip;]<\/p>\n","protected":false},"author":23,"featured_media":60512,"parent":68149,"menu_order":0,"comment_status":"closed","ping_status":"closed","template":"","meta":{"_acf_changed":false,"footnotes":""},"categories":[],"tags":[],"class_list":["post-68647","page","type-page","status-publish","has-post-thumbnail","hentry"],"acf":[],"_links":{"self":[{"href":"https:\/\/www.skaylink.com\/de\/wp-json\/wp\/v2\/pages\/68647","targetHints":{"allow":["GET"]}}],"collection":[{"href":"https:\/\/www.skaylink.com\/de\/wp-json\/wp\/v2\/pages"}],"about":[{"href":"https:\/\/www.skaylink.com\/de\/wp-json\/wp\/v2\/types\/page"}],"author":[{"embeddable":true,"href":"https:\/\/www.skaylink.com\/de\/wp-json\/wp\/v2\/users\/23"}],"replies":[{"embeddable":true,"href":"https:\/\/www.skaylink.com\/de\/wp-json\/wp\/v2\/comments?post=68647"}],"version-history":[{"count":22,"href":"https:\/\/www.skaylink.com\/de\/wp-json\/wp\/v2\/pages\/68647\/revisions"}],"predecessor-version":[{"id":89696,"href":"https:\/\/www.skaylink.com\/de\/wp-json\/wp\/v2\/pages\/68647\/revisions\/89696"}],"up":[{"embeddable":true,"href":"https:\/\/www.skaylink.com\/de\/wp-json\/wp\/v2\/pages\/68149"}],"wp:featuredmedia":[{"embeddable":true,"href":"https:\/\/www.skaylink.com\/de\/wp-json\/wp\/v2\/media\/60512"}],"wp:attachment":[{"href":"https:\/\/www.skaylink.com\/de\/wp-json\/wp\/v2\/media?parent=68647"}],"wp:term":[{"taxonomy":"category","embeddable":true,"href":"https:\/\/www.skaylink.com\/de\/wp-json\/wp\/v2\/categories?post=68647"},{"taxonomy":"post_tag","embeddable":true,"href":"https:\/\/www.skaylink.com\/de\/wp-json\/wp\/v2\/tags?post=68647"}],"curies":[{"name":"wp","href":"https:\/\/api.w.org\/{rel}","templated":true}]}}