{"id":64689,"date":"2024-02-23T11:59:50","date_gmt":"2024-02-23T10:59:50","guid":{"rendered":"https:\/\/www.skaylink.com\/?page_id=64689"},"modified":"2024-02-23T11:59:50","modified_gmt":"2024-02-23T10:59:50","slug":"support","status":"publish","type":"page","link":"https:\/\/www.skaylink.com\/de\/support\/","title":{"rendered":"Support"},"content":{"rendered":"\t\t<div data-elementor-type=\"wp-page\" data-elementor-id=\"64689\" class=\"elementor elementor-64689\" data-elementor-post-type=\"page\">\n\t\t\t\t<div class=\"elementor-element elementor-element-248f3924 header-keyvisual-container e-flex e-con-boxed e-con e-parent\" data-id=\"248f3924\" data-element_type=\"container\" data-e-type=\"container\" data-settings=\"{&quot;background_background&quot;:&quot;classic&quot;}\">\n\t\t\t\t\t<div class=\"e-con-inner\">\n\t\t\t\t<div class=\"elementor-element elementor-element-623faa10 elementor-align-left elementor-widget elementor-widget-breadcrumbs\" data-id=\"623faa10\" data-element_type=\"widget\" data-e-type=\"widget\" data-widget_type=\"breadcrumbs.default\">\n\t\t\t\t<div class=\"elementor-widget-container\">\n\t\t\t\t\t<p id=\"breadcrumbs\"><span><span><a href=\"https:\/\/www.skaylink.com\/de\/\">Home<\/a><\/span><\/span><\/p>\t\t\t\t<\/div>\n\t\t\t\t<\/div>\n\t\t<div class=\"elementor-element elementor-element-7b7f5da8 e-con-full e-flex e-con e-child\" data-id=\"7b7f5da8\" data-element_type=\"container\" data-e-type=\"container\">\n\t\t<div class=\"elementor-element elementor-element-714f64fc header-keyvisual-content e-con-full e-flex e-con e-child\" data-id=\"714f64fc\" data-element_type=\"container\" data-e-type=\"container\" data-settings=\"{&quot;background_background&quot;:&quot;classic&quot;}\">\n\t\t\t\t<div class=\"elementor-element elementor-element-9165948 elementor-widget elementor-widget-image\" data-id=\"9165948\" data-element_type=\"widget\" data-e-type=\"widget\" data-widget_type=\"image.default\">\n\t\t\t\t<div class=\"elementor-widget-container\">\n\t\t\t\t\t\t\t\t\t\t\t\t\t\t\t<img fetchpriority=\"high\" decoding=\"async\" width=\"720\" height=\"540\" src=\"https:\/\/www.skaylink.com\/wp-content\/uploads\/2024\/02\/support.jpg\" class=\"attachment-full size-full wp-image-64708\" alt=\"\" srcset=\"https:\/\/www.skaylink.com\/wp-content\/uploads\/2024\/02\/support.jpg 720w, https:\/\/www.skaylink.com\/wp-content\/uploads\/2024\/02\/support-300x225.jpg 300w\" sizes=\"(max-width: 720px) 100vw, 720px\" \/>\t\t\t\t\t\t\t\t\t\t\t\t\t\t\t<\/div>\n\t\t\t\t<\/div>\n\t\t\t\t<\/div>\n\t\t<div class=\"elementor-element elementor-element-49cf39a8 e-con-full e-flex e-con e-child\" data-id=\"49cf39a8\" data-element_type=\"container\" data-e-type=\"container\">\n\t\t\t\t<div class=\"elementor-element elementor-element-7bfe871f elementor-widget elementor-widget-heading\" data-id=\"7bfe871f\" data-element_type=\"widget\" data-e-type=\"widget\" data-widget_type=\"heading.default\">\n\t\t\t\t<div class=\"elementor-widget-container\">\n\t\t\t\t\t<h1 class=\"elementor-heading-title elementor-size-default\">Support<\/h1>\t\t\t\t<\/div>\n\t\t\t\t<\/div>\n\t\t\t\t<\/div>\n\t\t\t\t<\/div>\n\t\t\t\t\t<\/div>\n\t\t\t\t<\/div>\n\t\t<div class=\"elementor-element elementor-element-718100e9 e-flex e-con-boxed e-con e-parent\" data-id=\"718100e9\" data-element_type=\"container\" data-e-type=\"container\">\n\t\t\t\t\t<div class=\"e-con-inner\">\n\t\t<div class=\"elementor-element elementor-element-6aa39219 e-con-full e-flex e-con e-child\" data-id=\"6aa39219\" data-element_type=\"container\" data-e-type=\"container\">\n\t\t\t\t<div class=\"elementor-element elementor-element-7f7dea3 elementor-widget elementor-widget-heading\" data-id=\"7f7dea3\" data-element_type=\"widget\" data-e-type=\"widget\" data-widget_type=\"heading.default\">\n\t\t\t\t<div class=\"elementor-widget-container\">\n\t\t\t\t\t<h3 class=\"elementor-heading-title elementor-size-default\">Remote Support<\/h3>\t\t\t\t<\/div>\n\t\t\t\t<\/div>\n\t\t\t\t<div class=\"elementor-element elementor-element-4e67ba63 elementor-widget elementor-widget-text-editor\" data-id=\"4e67ba63\" data-element_type=\"widget\" data-e-type=\"widget\" data-widget_type=\"text-editor.default\">\n\t\t\t\t<div class=\"elementor-widget-container\">\n\t\t\t\t\t\t\t\t\t<p><span style=\"background-color: var( --e-global-color-197a58a );\">Remote-Support erm\u00f6glicht es uns, dass Support-Mitarbeitende auf einem entfernten Computer zugreifen k\u00f6nnen. Auf diese Weise k\u00f6nnen wir Probleme schnell und effizient l\u00f6sen.\u00a0<\/span><span style=\"background-color: var( --e-global-color-197a58a ); color: var( --e-global-color-text ); font-size: 1em;\">Geben Sie nachfolgend Ihren sechsstelligen Code ein und klicken Sie dann auf die Schaltfl\u00e4che &#8222;Jetzt mit Techniker verbinden&#8220;.<\/span><\/p>\t\t\t\t\t\t\t\t<\/div>\n\t\t\t\t<\/div>\n\t\t\t\t<div class=\"elementor-element elementor-element-a6f88f6 elementor-widget elementor-widget-html\" data-id=\"a6f88f6\" data-element_type=\"widget\" data-e-type=\"widget\" data-widget_type=\"html.default\">\n\t\t\t\t<div class=\"elementor-widget-container\">\n\t\t\t\t\t<form name=\"logmeinsupport\" action=\"https:\/\/secure.logmeinrescue.eu\/Customer\/Code.aspx\" target=\"_blank\" method=\"post\">\r\n    <input style=\"width:50%; margin-bottom: 0.75rem\" type=\"text\" name=\"Code\" \/><br \/>\r\n    <input type=\"submit\" value=\"Jetzt mit Techniker verbinden\" \/>\r\n    <input type=\"hidden\" name=\"tracking0\" maxlength=\"64\" \/> <!-- optional -->\r\n    <input type=\"hidden\" name=\"language\" maxlength=\"5\" \/> <!-- optional -->\r\n    <input type=\"hidden\" name=\"hostederrorhandling\" \/> <!-- optional -->\r\n<\/form>\t\t\t\t<\/div>\n\t\t\t\t<\/div>\n\t\t\t\t<\/div>\n\t\t\t\t\t<\/div>\n\t\t\t\t<\/div>\n\t\t\t\t<\/div>\n\t\t","protected":false},"excerpt":{"rendered":"<p>Remote Support Remote-Support erm\u00f6glicht es uns, dass Support-Mitarbeitende auf einem entfernten Computer zugreifen k\u00f6nnen. Auf diese Weise k\u00f6nnen wir Probleme schnell und effizient l\u00f6sen.\u00a0Geben Sie nachfolgend Ihren sechsstelligen Code ein und klicken Sie dann auf die Schaltfl\u00e4che &#8222;Jetzt mit Techniker verbinden&#8220;.<\/p>\n","protected":false},"author":23,"featured_media":64708,"parent":0,"menu_order":0,"comment_status":"closed","ping_status":"closed","template":"","meta":{"_acf_changed":false,"footnotes":""},"categories":[],"tags":[],"class_list":["post-64689","page","type-page","status-publish","has-post-thumbnail","hentry"],"acf":[],"_links":{"self":[{"href":"https:\/\/www.skaylink.com\/de\/wp-json\/wp\/v2\/pages\/64689","targetHints":{"allow":["GET"]}}],"collection":[{"href":"https:\/\/www.skaylink.com\/de\/wp-json\/wp\/v2\/pages"}],"about":[{"href":"https:\/\/www.skaylink.com\/de\/wp-json\/wp\/v2\/types\/page"}],"author":[{"embeddable":true,"href":"https:\/\/www.skaylink.com\/de\/wp-json\/wp\/v2\/users\/23"}],"replies":[{"embeddable":true,"href":"https:\/\/www.skaylink.com\/de\/wp-json\/wp\/v2\/comments?post=64689"}],"version-history":[{"count":10,"href":"https:\/\/www.skaylink.com\/de\/wp-json\/wp\/v2\/pages\/64689\/revisions"}],"predecessor-version":[{"id":64711,"href":"https:\/\/www.skaylink.com\/de\/wp-json\/wp\/v2\/pages\/64689\/revisions\/64711"}],"wp:featuredmedia":[{"embeddable":true,"href":"https:\/\/www.skaylink.com\/de\/wp-json\/wp\/v2\/media\/64708"}],"wp:attachment":[{"href":"https:\/\/www.skaylink.com\/de\/wp-json\/wp\/v2\/media?parent=64689"}],"wp:term":[{"taxonomy":"category","embeddable":true,"href":"https:\/\/www.skaylink.com\/de\/wp-json\/wp\/v2\/categories?post=64689"},{"taxonomy":"post_tag","embeddable":true,"href":"https:\/\/www.skaylink.com\/de\/wp-json\/wp\/v2\/tags?post=64689"}],"curies":[{"name":"wp","href":"https:\/\/api.w.org\/{rel}","templated":true}]}}